{"id":701,"date":"2020-07-27T09:49:12","date_gmt":"2020-07-27T09:49:12","guid":{"rendered":"https:\/\/www.lextera.fi\/tyooikeus\/"},"modified":"2024-02-01T16:32:08","modified_gmt":"2024-02-01T16:32:08","slug":"tyooikeus","status":"publish","type":"page","link":"https:\/\/www.lextera.fi\/fi\/tyooikeus\/","title":{"rendered":"Ty\u00f6oikeus"},"content":{"rendered":"\t\t<div data-elementor-type=\"wp-page\" data-elementor-id=\"701\" class=\"elementor elementor-701 elementor-320\" data-elementor-post-type=\"page\">\n\t\t\t\t\t\t<section class=\"elementor-section elementor-top-section elementor-element elementor-element-4004e36d elementor-section-height-min-height elementor-section-boxed elementor-section-height-default elementor-section-items-middle\" data-id=\"4004e36d\" data-element_type=\"section\" data-e-type=\"section\">\n\t\t\t\t\t\t<div class=\"elementor-container elementor-column-gap-default\">\n\t\t\t\t\t<div class=\"elementor-column elementor-col-50 elementor-top-column elementor-element elementor-element-19d582db\" data-id=\"19d582db\" data-element_type=\"column\" data-e-type=\"column\" data-settings=\"{&quot;background_background&quot;:&quot;classic&quot;}\">\n\t\t\t<div class=\"elementor-widget-wrap elementor-element-populated\">\n\t\t\t\t\t<div class=\"elementor-background-overlay\"><\/div>\n\t\t\t\t\t\t<div class=\"elementor-element elementor-element-89c4323 elementor-widget elementor-widget-spacer\" data-id=\"89c4323\" data-element_type=\"widget\" data-e-type=\"widget\" data-widget_type=\"spacer.default\">\n\t\t\t\t<div class=\"elementor-widget-container\">\n\t\t\t\t\t\t\t<div class=\"elementor-spacer\">\n\t\t\t<div class=\"elementor-spacer-inner\"><\/div>\n\t\t<\/div>\n\t\t\t\t\t\t<\/div>\n\t\t\t\t<\/div>\n\t\t\t\t\t<\/div>\n\t\t<\/div>\n\t\t\t\t<div class=\"elementor-column elementor-col-50 elementor-top-column elementor-element elementor-element-2f73ba97\" data-id=\"2f73ba97\" data-element_type=\"column\" data-e-type=\"column\" data-settings=\"{&quot;background_background&quot;:&quot;classic&quot;}\">\n\t\t\t<div class=\"elementor-widget-wrap elementor-element-populated\">\n\t\t\t\t\t\t<div class=\"elementor-element elementor-element-eef530b elementor-widget elementor-widget-heading\" data-id=\"eef530b\" data-element_type=\"widget\" data-e-type=\"widget\" data-widget_type=\"heading.default\">\n\t\t\t\t<div class=\"elementor-widget-container\">\n\t\t\t\t\t<h1 class=\"elementor-heading-title elementor-size-default\">Ty\u00f6oikeus<\/h1>\t\t\t\t<\/div>\n\t\t\t\t<\/div>\n\t\t\t\t<div class=\"elementor-element elementor-element-6d24395 elementor-widget elementor-widget-heading\" data-id=\"6d24395\" data-element_type=\"widget\" data-e-type=\"widget\" data-widget_type=\"heading.default\">\n\t\t\t\t<div class=\"elementor-widget-container\">\n\t\t\t\t\t<h2 class=\"elementor-heading-title elementor-size-default\">kaikki ty\u00f6sopimuksista ty\u00f6suojeluun<\/h2>\t\t\t\t<\/div>\n\t\t\t\t<\/div>\n\t\t\t\t<div class=\"elementor-element elementor-element-75ab579a elementor-widget elementor-widget-text-editor\" data-id=\"75ab579a\" data-element_type=\"widget\" data-e-type=\"widget\" data-widget_type=\"text-editor.default\">\n\t\t\t\t<div class=\"elementor-widget-container\">\n\t\t\t\t\t\t\t\t\t<p>Ty\u00f6oikeus on laaja ja koskee monia. Riippumatta siit\u00e4, mietitk\u00f6 ty\u00f6nantajana ty\u00f6sopimuksen sis\u00e4lt\u00f6\u00e4 tai jos ty\u00f6ntekij\u00e4n\u00e4 pohdit irtisanomissuojaasi, niin suosittelemme, ett\u00e4 otat meihin yhteytt\u00e4. Ty\u00f6el\u00e4m\u00e4 muuttuu jatkuvasti ja yhdess\u00e4 voimme, huomioiden l\u00e4ht\u00f6kohtasi, keskustella mahdollisuuksistasi ja p\u00e4\u00e4ty\u00e4 niihin ratkaisuihin, jotka sopivat sinun tilanteeseesi parhaiten. T\u00e4m\u00e4 voi koskea kaikkea joustavista ty\u00f6aikaratkaisuista ulkomaisen ty\u00f6voiman palkkaamiseen. Eth\u00e4n my\u00f6sk\u00e4\u00e4n ep\u00e4r\u00f6i keskustella kanssamme ty\u00f6suojelusta tai muista ty\u00f6oikeudellisista kysymyksist\u00e4 \u2013 me autamme!<\/p>\n\t\t\t\t\t\t\t\t<\/div>\n\t\t\t\t<\/div>\n\t\t\t\t\t<\/div>\n\t\t<\/div>\n\t\t\t\t\t<\/div>\n\t\t<\/section>\n\t\t\t\t<\/div>\n\t\t","protected":false},"excerpt":{"rendered":"<p>Ty\u00f6oikeus kaikki ty\u00f6sopimuksista ty\u00f6suojeluun Ty\u00f6oikeus on laaja ja koskee monia. Riippumatta siit\u00e4, mietitk\u00f6 ty\u00f6nantajana ty\u00f6sopimuksen sis\u00e4lt\u00f6\u00e4 tai jos ty\u00f6ntekij\u00e4n\u00e4 pohdit irtisanomissuojaasi, niin suosittelemme, ett\u00e4 otat meihin yhteytt\u00e4. Ty\u00f6el\u00e4m\u00e4 muuttuu jatkuvasti ja yhdess\u00e4 voimme, huomioiden l\u00e4ht\u00f6kohtasi, keskustella mahdollisuuksistasi ja p\u00e4\u00e4ty\u00e4 niihin ratkaisuihin, jotka sopivat sinun tilanteeseesi parhaiten. T\u00e4m\u00e4 voi koskea kaikkea joustavista ty\u00f6aikaratkaisuista ulkomaisen ty\u00f6voiman palkkaamiseen. [&hellip;]<\/p>\n","protected":false},"author":2,"featured_media":0,"parent":0,"menu_order":0,"comment_status":"closed","ping_status":"closed","template":"","meta":{"site-sidebar-layout":"no-sidebar","site-content-layout":"page-builder","ast-site-content-layout":"full-width-container","site-content-style":"unboxed","site-sidebar-style":"unboxed","ast-global-header-display":"","ast-banner-title-visibility":"","ast-main-header-display":"disabled","ast-hfb-above-header-display":"","ast-hfb-below-header-display":"","ast-hfb-mobile-header-display":"","site-post-title":"disabled","ast-breadcrumbs-content":"","ast-featured-img":"disabled","footer-sml-layout":"disabled","ast-disable-related-posts":"","theme-transparent-header-meta":"disabled","adv-header-id-meta":"","stick-header-meta":"","header-above-stick-meta":"","header-main-stick-meta":"","header-below-stick-meta":"","astra-migrate-meta-layouts":"set","ast-page-background-enabled":"default","ast-page-background-meta":{"desktop":{"background-color":"","background-image":"","background-repeat":"repeat","background-position":"center center","background-size":"auto","background-attachment":"scroll","background-type":"","background-media":"","overlay-type":"","overlay-color":"","overlay-opacity":"","overlay-gradient":""},"tablet":{"background-color":"","background-image":"","background-repeat":"repeat","background-position":"center center","background-size":"auto","background-attachment":"scroll","background-type":"","background-media":"","overlay-type":"","overlay-color":"","overlay-opacity":"","overlay-gradient":""},"mobile":{"background-color":"","background-image":"","background-repeat":"repeat","background-position":"center center","background-size":"auto","background-attachment":"scroll","background-type":"","background-media":"","overlay-type":"","overlay-color":"","overlay-opacity":"","overlay-gradient":""}},"ast-content-background-meta":{"desktop":{"background-color":"var(--ast-global-color-5)","background-image":"","background-repeat":"repeat","background-position":"center center","background-size":"auto","background-attachment":"scroll","background-type":"","background-media":"","overlay-type":"","overlay-color":"","overlay-opacity":"","overlay-gradient":""},"tablet":{"background-color":"var(--ast-global-color-5)","background-image":"","background-repeat":"repeat","background-position":"center center","background-size":"auto","background-attachment":"scroll","background-type":"","background-media":"","overlay-type":"","overlay-color":"","overlay-opacity":"","overlay-gradient":""},"mobile":{"background-color":"var(--ast-global-color-5)","background-image":"","background-repeat":"repeat","background-position":"center center","background-size":"auto","background-attachment":"scroll","background-type":"","background-media":"","overlay-type":"","overlay-color":"","overlay-opacity":"","overlay-gradient":""}},"footnotes":""},"class_list":["post-701","page","type-page","status-publish","hentry"],"aioseo_notices":[],"_links":{"self":[{"href":"https:\/\/www.lextera.fi\/fi\/wp-json\/wp\/v2\/pages\/701","targetHints":{"allow":["GET"]}}],"collection":[{"href":"https:\/\/www.lextera.fi\/fi\/wp-json\/wp\/v2\/pages"}],"about":[{"href":"https:\/\/www.lextera.fi\/fi\/wp-json\/wp\/v2\/types\/page"}],"author":[{"embeddable":true,"href":"https:\/\/www.lextera.fi\/fi\/wp-json\/wp\/v2\/users\/2"}],"replies":[{"embeddable":true,"href":"https:\/\/www.lextera.fi\/fi\/wp-json\/wp\/v2\/comments?post=701"}],"version-history":[{"count":5,"href":"https:\/\/www.lextera.fi\/fi\/wp-json\/wp\/v2\/pages\/701\/revisions"}],"predecessor-version":[{"id":1387,"href":"https:\/\/www.lextera.fi\/fi\/wp-json\/wp\/v2\/pages\/701\/revisions\/1387"}],"wp:attachment":[{"href":"https:\/\/www.lextera.fi\/fi\/wp-json\/wp\/v2\/media?parent=701"}],"curies":[{"name":"wp","href":"https:\/\/api.w.org\/{rel}","templated":true}]}}