{"id":712,"date":"2020-07-27T09:52:55","date_gmt":"2020-07-27T09:52:55","guid":{"rendered":"https:\/\/www.lextera.fi\/perheoikeus\/"},"modified":"2024-02-01T14:51:16","modified_gmt":"2024-02-01T14:51:16","slug":"perheoikeus","status":"publish","type":"page","link":"https:\/\/www.lextera.fi\/fi\/perheoikeus\/","title":{"rendered":"Perheoikeus"},"content":{"rendered":"\t\t<div data-elementor-type=\"wp-page\" data-elementor-id=\"712\" class=\"elementor elementor-712 elementor-333\" data-elementor-post-type=\"page\">\n\t\t\t\t\t\t<section class=\"elementor-section elementor-top-section elementor-element elementor-element-9eee6c6 elementor-section-height-min-height elementor-section-boxed elementor-section-height-default elementor-section-items-middle\" data-id=\"9eee6c6\" data-element_type=\"section\">\n\t\t\t\t\t\t<div class=\"elementor-container elementor-column-gap-default\">\n\t\t\t\t\t<div class=\"elementor-column elementor-col-50 elementor-top-column elementor-element elementor-element-789aead6\" data-id=\"789aead6\" data-element_type=\"column\" data-settings=\"{&quot;background_background&quot;:&quot;classic&quot;}\">\n\t\t\t<div class=\"elementor-widget-wrap elementor-element-populated\">\n\t\t\t\t\t<div class=\"elementor-background-overlay\"><\/div>\n\t\t\t\t\t\t<div class=\"elementor-element elementor-element-57e974a4 elementor-widget elementor-widget-spacer\" data-id=\"57e974a4\" data-element_type=\"widget\" data-widget_type=\"spacer.default\">\n\t\t\t\t<div class=\"elementor-widget-container\">\n\t\t\t\t\t\t\t<div class=\"elementor-spacer\">\n\t\t\t<div class=\"elementor-spacer-inner\"><\/div>\n\t\t<\/div>\n\t\t\t\t\t\t<\/div>\n\t\t\t\t<\/div>\n\t\t\t\t\t<\/div>\n\t\t<\/div>\n\t\t\t\t<div class=\"elementor-column elementor-col-50 elementor-top-column elementor-element elementor-element-ec3739d\" data-id=\"ec3739d\" data-element_type=\"column\" data-settings=\"{&quot;background_background&quot;:&quot;classic&quot;}\">\n\t\t\t<div class=\"elementor-widget-wrap elementor-element-populated\">\n\t\t\t\t\t\t<div class=\"elementor-element elementor-element-32968038 elementor-widget elementor-widget-heading\" data-id=\"32968038\" data-element_type=\"widget\" data-widget_type=\"heading.default\">\n\t\t\t\t<div class=\"elementor-widget-container\">\n\t\t\t\t\t<h1 class=\"elementor-heading-title elementor-size-default\">Perheoikeus<\/h1>\t\t\t\t<\/div>\n\t\t\t\t<\/div>\n\t\t\t\t<div class=\"elementor-element elementor-element-6d4733bb elementor-widget elementor-widget-heading\" data-id=\"6d4733bb\" data-element_type=\"widget\" data-widget_type=\"heading.default\">\n\t\t\t\t<div class=\"elementor-widget-container\">\n\t\t\t\t\t<h2 class=\"elementor-heading-title elementor-size-default\">avioliitto, avoliitto, lapset, edunvalvonta, testamentit ja perint\u00f6<\/h2>\t\t\t\t<\/div>\n\t\t\t\t<\/div>\n\t\t\t\t<div class=\"elementor-element elementor-element-5e065681 elementor-widget elementor-widget-text-editor\" data-id=\"5e065681\" data-element_type=\"widget\" data-widget_type=\"text-editor.default\">\n\t\t\t\t<div class=\"elementor-widget-container\">\n\t\t\t\t\t\t\t\t\t<p>Perheoikeus koskee monia el\u00e4m\u00e4mme eri vaiheita. Onko sinulla kysymyksi\u00e4 avio-oikeudesta, avioehtosopimuksista, avopuolisoiden varallisuussopimuksista, avioerosta, omaisuuden erottelusta ja osituksesta, huoltajuudesta, tapaamisoikeudesta, elatuksesta, edunvalvontavaltakirjoista, lahjakirjoista, testamenteist\u00e4, perunkirjoituksista, perinn\u00f6njaosta tai vastaavista? \u2013 Eth\u00e4n ep\u00e4r\u00f6i ottaa meihin yhteytt\u00e4.<\/p>\n<p>Laadimme erilaisia perheoikeudellisia asiakirjoja yll\u00e4 olevien esimerkkien mukaan ja annamme perheoikeusasioihin liittyv\u00e4\u00e4 lainopillista neuvontaa. Autamme sinua my\u00f6s k\u00e4yt\u00e4nn\u00f6n asioissa esimerkiksi avio-erotilanteessa, eli koko prosessin ajan, aina avioeron hakemisesta itse ositukseen. Hoidamme my\u00f6s huoltajuuteen, tapaamisoikeuteen ja elatukseen liittyvi\u00e4 riita-asioita.<\/p>\n\t\t\t\t\t\t\t\t<\/div>\n\t\t\t\t<\/div>\n\t\t\t\t\t<\/div>\n\t\t<\/div>\n\t\t\t\t\t<\/div>\n\t\t<\/section>\n\t\t\t\t<\/div>\n\t\t","protected":false},"excerpt":{"rendered":"<p>Perheoikeus avioliitto, avoliitto, lapset, edunvalvonta, testamentit ja perint\u00f6 Perheoikeus koskee monia el\u00e4m\u00e4mme eri vaiheita. Onko sinulla kysymyksi\u00e4 avio-oikeudesta, avioehtosopimuksista, avopuolisoiden varallisuussopimuksista, avioerosta, omaisuuden erottelusta ja osituksesta, huoltajuudesta, tapaamisoikeudesta, elatuksesta, edunvalvontavaltakirjoista, lahjakirjoista, testamenteist\u00e4, perunkirjoituksista, perinn\u00f6njaosta tai vastaavista? \u2013 Eth\u00e4n ep\u00e4r\u00f6i ottaa meihin yhteytt\u00e4. Laadimme erilaisia perheoikeudellisia asiakirjoja yll\u00e4 olevien esimerkkien mukaan ja annamme perheoikeusasioihin liittyv\u00e4\u00e4 lainopillista [&hellip;]<\/p>\n","protected":false},"author":2,"featured_media":0,"parent":0,"menu_order":0,"comment_status":"closed","ping_status":"closed","template":"","meta":{"site-sidebar-layout":"no-sidebar","site-content-layout":"page-builder","ast-site-content-layout":"full-width-container","site-content-style":"unboxed","site-sidebar-style":"unboxed","ast-global-header-display":"","ast-banner-title-visibility":"","ast-main-header-display":"disabled","ast-hfb-above-header-display":"","ast-hfb-below-header-display":"","ast-hfb-mobile-header-display":"","site-post-title":"disabled","ast-breadcrumbs-content":"","ast-featured-img":"disabled","footer-sml-layout":"disabled","theme-transparent-header-meta":"disabled","adv-header-id-meta":"","stick-header-meta":"","header-above-stick-meta":"","header-main-stick-meta":"","header-below-stick-meta":"","astra-migrate-meta-layouts":"set","ast-page-background-enabled":"default","ast-page-background-meta":{"desktop":{"background-color":"","background-image":"","background-repeat":"repeat","background-position":"center center","background-size":"auto","background-attachment":"scroll","background-type":"","background-media":"","overlay-type":"","overlay-color":"","overlay-opacity":"","overlay-gradient":""},"tablet":{"background-color":"","background-image":"","background-repeat":"repeat","background-position":"center center","background-size":"auto","background-attachment":"scroll","background-type":"","background-media":"","overlay-type":"","overlay-color":"","overlay-opacity":"","overlay-gradient":""},"mobile":{"background-color":"","background-image":"","background-repeat":"repeat","background-position":"center center","background-size":"auto","background-attachment":"scroll","background-type":"","background-media":"","overlay-type":"","overlay-color":"","overlay-opacity":"","overlay-gradient":""}},"ast-content-background-meta":{"desktop":{"background-color":"var(--ast-global-color-5)","background-image":"","background-repeat":"repeat","background-position":"center center","background-size":"auto","background-attachment":"scroll","background-type":"","background-media":"","overlay-type":"","overlay-color":"","overlay-opacity":"","overlay-gradient":""},"tablet":{"background-color":"var(--ast-global-color-5)","background-image":"","background-repeat":"repeat","background-position":"center center","background-size":"auto","background-attachment":"scroll","background-type":"","background-media":"","overlay-type":"","overlay-color":"","overlay-opacity":"","overlay-gradient":""},"mobile":{"background-color":"var(--ast-global-color-5)","background-image":"","background-repeat":"repeat","background-position":"center center","background-size":"auto","background-attachment":"scroll","background-type":"","background-media":"","overlay-type":"","overlay-color":"","overlay-opacity":"","overlay-gradient":""}},"footnotes":""},"class_list":["post-712","page","type-page","status-publish","hentry"],"aioseo_notices":[],"_links":{"self":[{"href":"https:\/\/www.lextera.fi\/fi\/wp-json\/wp\/v2\/pages\/712","targetHints":{"allow":["GET"]}}],"collection":[{"href":"https:\/\/www.lextera.fi\/fi\/wp-json\/wp\/v2\/pages"}],"about":[{"href":"https:\/\/www.lextera.fi\/fi\/wp-json\/wp\/v2\/types\/page"}],"author":[{"embeddable":true,"href":"https:\/\/www.lextera.fi\/fi\/wp-json\/wp\/v2\/users\/2"}],"replies":[{"embeddable":true,"href":"https:\/\/www.lextera.fi\/fi\/wp-json\/wp\/v2\/comments?post=712"}],"version-history":[{"count":3,"href":"https:\/\/www.lextera.fi\/fi\/wp-json\/wp\/v2\/pages\/712\/revisions"}],"predecessor-version":[{"id":1335,"href":"https:\/\/www.lextera.fi\/fi\/wp-json\/wp\/v2\/pages\/712\/revisions\/1335"}],"wp:attachment":[{"href":"https:\/\/www.lextera.fi\/fi\/wp-json\/wp\/v2\/media?parent=712"}],"curies":[{"name":"wp","href":"https:\/\/api.w.org\/{rel}","templated":true}]}}