{"id":716,"date":"2020-07-27T09:54:55","date_gmt":"2020-07-27T09:54:55","guid":{"rendered":"https:\/\/www.lextera.fi\/yritykset-yhdistykset-ja-yhteisot\/"},"modified":"2024-02-01T14:58:58","modified_gmt":"2024-02-01T14:58:58","slug":"yritykset-yhdistykset-ja-yhteisot","status":"publish","type":"page","link":"https:\/\/www.lextera.fi\/fi\/yritykset-yhdistykset-ja-yhteisot\/","title":{"rendered":"Yritykset, yhdistykset ja yhteis\u00f6t"},"content":{"rendered":"\t\t<div data-elementor-type=\"wp-page\" data-elementor-id=\"716\" class=\"elementor elementor-716 elementor-370\" data-elementor-post-type=\"page\">\n\t\t\t\t\t\t<section class=\"elementor-section elementor-top-section elementor-element elementor-element-74185190 elementor-section-height-min-height elementor-section-boxed elementor-section-height-default elementor-section-items-middle\" data-id=\"74185190\" data-element_type=\"section\" data-e-type=\"section\">\n\t\t\t\t\t\t<div class=\"elementor-container elementor-column-gap-default\">\n\t\t\t\t\t<div class=\"elementor-column elementor-col-50 elementor-top-column elementor-element elementor-element-3c7eb3ac\" data-id=\"3c7eb3ac\" data-element_type=\"column\" data-e-type=\"column\" data-settings=\"{&quot;background_background&quot;:&quot;classic&quot;}\">\n\t\t\t<div class=\"elementor-widget-wrap elementor-element-populated\">\n\t\t\t\t\t<div class=\"elementor-background-overlay\"><\/div>\n\t\t\t\t\t\t<div class=\"elementor-element elementor-element-20fb2bd elementor-widget elementor-widget-spacer\" data-id=\"20fb2bd\" data-element_type=\"widget\" data-e-type=\"widget\" data-widget_type=\"spacer.default\">\n\t\t\t\t<div class=\"elementor-widget-container\">\n\t\t\t\t\t\t\t<div class=\"elementor-spacer\">\n\t\t\t<div class=\"elementor-spacer-inner\"><\/div>\n\t\t<\/div>\n\t\t\t\t\t\t<\/div>\n\t\t\t\t<\/div>\n\t\t\t\t\t<\/div>\n\t\t<\/div>\n\t\t\t\t<div class=\"elementor-column elementor-col-50 elementor-top-column elementor-element elementor-element-432aeda6\" data-id=\"432aeda6\" data-element_type=\"column\" data-e-type=\"column\" data-settings=\"{&quot;background_background&quot;:&quot;classic&quot;}\">\n\t\t\t<div class=\"elementor-widget-wrap elementor-element-populated\">\n\t\t\t\t\t\t<div class=\"elementor-element elementor-element-1c642574 elementor-widget elementor-widget-heading\" data-id=\"1c642574\" data-element_type=\"widget\" data-e-type=\"widget\" data-widget_type=\"heading.default\">\n\t\t\t\t<div class=\"elementor-widget-container\">\n\t\t\t\t\t<h1 class=\"elementor-heading-title elementor-size-default\">Yritykset, yhdistykset ja yhteis\u00f6t<\/h1>\t\t\t\t<\/div>\n\t\t\t\t<\/div>\n\t\t\t\t<div class=\"elementor-element elementor-element-439692e9 elementor-widget elementor-widget-text-editor\" data-id=\"439692e9\" data-element_type=\"widget\" data-e-type=\"widget\" data-widget_type=\"text-editor.default\">\n\t\t\t\t<div class=\"elementor-widget-container\">\n\t\t\t\t\t\t\t\t\t<p>Osakkaiden, hallituksen ja toimitusjohtajan ty\u00f6njako voi v\u00e4lill\u00e4 aiheuttaa erimielisyyksi\u00e4 osakeyhti\u00f6iden yhti\u00f6oikeudellisista pelis\u00e4\u00e4nn\u00f6ist\u00e4. Esimerkiksi osakassopimuksella voidaan etuk\u00e4teen s\u00e4\u00e4dell\u00e4 osakkaiden keskin\u00e4isi\u00e4 suhteita, jos joku osakkaista vaikka haluaa myyd\u00e4 osakkeensa tai menehtyy. My\u00f6s yhteisty\u00f6sopimukset yritysten v\u00e4lill\u00e4 yleistyv\u00e4t, ja t\u00e4ss\u00e4kin voimme olla avuksi sopimusten laatimisessa.<\/p>\n<p>Autamme sinua my\u00f6s jos kysymyksesi koskee yhdistyst\u00e4 ja esimerkiksi sen s\u00e4\u00e4d\u00f6ksi\u00e4, tai jos pohdintasi koskee tiekuntaa tai yhteis\u00f6\u00e4 ym.<\/p>\n\t\t\t\t\t\t\t\t<\/div>\n\t\t\t\t<\/div>\n\t\t\t\t\t<\/div>\n\t\t<\/div>\n\t\t\t\t\t<\/div>\n\t\t<\/section>\n\t\t\t\t<\/div>\n\t\t","protected":false},"excerpt":{"rendered":"<p>Yritykset, yhdistykset ja yhteis\u00f6t Osakkaiden, hallituksen ja toimitusjohtajan ty\u00f6njako voi v\u00e4lill\u00e4 aiheuttaa erimielisyyksi\u00e4 osakeyhti\u00f6iden yhti\u00f6oikeudellisista pelis\u00e4\u00e4nn\u00f6ist\u00e4. Esimerkiksi osakassopimuksella voidaan etuk\u00e4teen s\u00e4\u00e4dell\u00e4 osakkaiden keskin\u00e4isi\u00e4 suhteita, jos joku osakkaista vaikka haluaa myyd\u00e4 osakkeensa tai menehtyy. My\u00f6s yhteisty\u00f6sopimukset yritysten v\u00e4lill\u00e4 yleistyv\u00e4t, ja t\u00e4ss\u00e4kin voimme olla avuksi sopimusten laatimisessa. Autamme sinua my\u00f6s jos kysymyksesi koskee yhdistyst\u00e4 ja esimerkiksi sen [&hellip;]<\/p>\n","protected":false},"author":2,"featured_media":0,"parent":0,"menu_order":0,"comment_status":"closed","ping_status":"closed","template":"","meta":{"site-sidebar-layout":"no-sidebar","site-content-layout":"page-builder","ast-site-content-layout":"full-width-container","site-content-style":"unboxed","site-sidebar-style":"unboxed","ast-global-header-display":"","ast-banner-title-visibility":"","ast-main-header-display":"disabled","ast-hfb-above-header-display":"","ast-hfb-below-header-display":"","ast-hfb-mobile-header-display":"","site-post-title":"disabled","ast-breadcrumbs-content":"","ast-featured-img":"disabled","footer-sml-layout":"disabled","ast-disable-related-posts":"","theme-transparent-header-meta":"disabled","adv-header-id-meta":"","stick-header-meta":"","header-above-stick-meta":"","header-main-stick-meta":"","header-below-stick-meta":"","astra-migrate-meta-layouts":"set","ast-page-background-enabled":"default","ast-page-background-meta":{"desktop":{"background-color":"","background-image":"","background-repeat":"repeat","background-position":"center center","background-size":"auto","background-attachment":"scroll","background-type":"","background-media":"","overlay-type":"","overlay-color":"","overlay-opacity":"","overlay-gradient":""},"tablet":{"background-color":"","background-image":"","background-repeat":"repeat","background-position":"center center","background-size":"auto","background-attachment":"scroll","background-type":"","background-media":"","overlay-type":"","overlay-color":"","overlay-opacity":"","overlay-gradient":""},"mobile":{"background-color":"","background-image":"","background-repeat":"repeat","background-position":"center center","background-size":"auto","background-attachment":"scroll","background-type":"","background-media":"","overlay-type":"","overlay-color":"","overlay-opacity":"","overlay-gradient":""}},"ast-content-background-meta":{"desktop":{"background-color":"var(--ast-global-color-5)","background-image":"","background-repeat":"repeat","background-position":"center center","background-size":"auto","background-attachment":"scroll","background-type":"","background-media":"","overlay-type":"","overlay-color":"","overlay-opacity":"","overlay-gradient":""},"tablet":{"background-color":"var(--ast-global-color-5)","background-image":"","background-repeat":"repeat","background-position":"center center","background-size":"auto","background-attachment":"scroll","background-type":"","background-media":"","overlay-type":"","overlay-color":"","overlay-opacity":"","overlay-gradient":""},"mobile":{"background-color":"var(--ast-global-color-5)","background-image":"","background-repeat":"repeat","background-position":"center center","background-size":"auto","background-attachment":"scroll","background-type":"","background-media":"","overlay-type":"","overlay-color":"","overlay-opacity":"","overlay-gradient":""}},"footnotes":""},"class_list":["post-716","page","type-page","status-publish","hentry"],"aioseo_notices":[],"_links":{"self":[{"href":"https:\/\/www.lextera.fi\/fi\/wp-json\/wp\/v2\/pages\/716","targetHints":{"allow":["GET"]}}],"collection":[{"href":"https:\/\/www.lextera.fi\/fi\/wp-json\/wp\/v2\/pages"}],"about":[{"href":"https:\/\/www.lextera.fi\/fi\/wp-json\/wp\/v2\/types\/page"}],"author":[{"embeddable":true,"href":"https:\/\/www.lextera.fi\/fi\/wp-json\/wp\/v2\/users\/2"}],"replies":[{"embeddable":true,"href":"https:\/\/www.lextera.fi\/fi\/wp-json\/wp\/v2\/comments?post=716"}],"version-history":[{"count":3,"href":"https:\/\/www.lextera.fi\/fi\/wp-json\/wp\/v2\/pages\/716\/revisions"}],"predecessor-version":[{"id":1339,"href":"https:\/\/www.lextera.fi\/fi\/wp-json\/wp\/v2\/pages\/716\/revisions\/1339"}],"wp:attachment":[{"href":"https:\/\/www.lextera.fi\/fi\/wp-json\/wp\/v2\/media?parent=716"}],"curies":[{"name":"wp","href":"https:\/\/api.w.org\/{rel}","templated":true}]}}