{"id":725,"date":"2020-07-27T10:04:57","date_gmt":"2020-07-27T10:04:57","guid":{"rendered":"https:\/\/www.lextera.fi\/lextera-law\/"},"modified":"2024-02-01T16:02:32","modified_gmt":"2024-02-01T16:02:32","slug":"lextera-law","status":"publish","type":"page","link":"https:\/\/www.lextera.fi\/fi\/lextera-law\/","title":{"rendered":"Meist\u00e4"},"content":{"rendered":"\t\t<div data-elementor-type=\"wp-page\" data-elementor-id=\"725\" class=\"elementor elementor-725 elementor-244\" data-elementor-post-type=\"page\">\n\t\t\t\t\t\t<section class=\"elementor-section elementor-top-section elementor-element elementor-element-423fd84c elementor-section-height-min-height elementor-section-boxed elementor-section-height-default elementor-section-items-middle\" data-id=\"423fd84c\" data-element_type=\"section\" data-e-type=\"section\" data-settings=\"{&quot;background_background&quot;:&quot;classic&quot;}\">\n\t\t\t\t\t\t<div class=\"elementor-container elementor-column-gap-default\">\n\t\t\t\t\t<div class=\"elementor-column elementor-col-100 elementor-top-column elementor-element elementor-element-3cc17339\" data-id=\"3cc17339\" data-element_type=\"column\" data-e-type=\"column\">\n\t\t\t<div class=\"elementor-widget-wrap elementor-element-populated\">\n\t\t\t\t\t\t<div class=\"elementor-element elementor-element-5580e9a0 elementor-widget elementor-widget-heading\" data-id=\"5580e9a0\" data-element_type=\"widget\" data-e-type=\"widget\" data-widget_type=\"heading.default\">\n\t\t\t\t<div class=\"elementor-widget-container\">\n\t\t\t\t\t<h1 class=\"elementor-heading-title elementor-size-default\">Meist\u00e4 - lakiasiaintoimistosi Pohjanmaalla<\/h1>\t\t\t\t<\/div>\n\t\t\t\t<\/div>\n\t\t\t\t<div class=\"elementor-element elementor-element-22b238f5 elementor-widget elementor-widget-text-editor\" data-id=\"22b238f5\" data-element_type=\"widget\" data-e-type=\"widget\" data-widget_type=\"text-editor.default\">\n\t\t\t\t<div class=\"elementor-widget-container\">\n\t\t\t\t\t\t\t\t\t<p>Lextera on lakiasiaintoimistosi Pohjanmaalla, Suomessa. P\u00e4\u00e4s\u00e4\u00e4nt\u00f6inen ty\u00f6kentt\u00e4mme on Pietarsaari, Vaasa ja Uusikaarlepyy l\u00e4hiseutuineen. Erikseen sovittaessa Lextera\u00a0 palvelee asiakkaita my\u00f6s muilla paikkakunnilla. Lextera tarjoaa lainopillista neuvontaa sek\u00e4 yksityishenkil\u00f6ille ett\u00e4 yrityksille. Juridiset asiat voivat tuntua pelottavilta, ja lakiasiaintoimistoja on v\u00e4lill\u00e4 vaikea l\u00e4hesty\u00e4. Lextera haluaa olla matalan kynnyksen lakiasiaintoimistosi. Tarjoamista palveluistamme l\u00f6yd\u00e4t lis\u00e4tietoja klikkaamalla t\u00e4st\u00e4.<\/p>\t\t\t\t\t\t\t\t<\/div>\n\t\t\t\t<\/div>\n\t\t\t\t<div class=\"elementor-element elementor-element-46bb72fa elementor-align-center elementor-widget elementor-widget-button\" data-id=\"46bb72fa\" data-element_type=\"widget\" data-e-type=\"widget\" data-widget_type=\"button.default\">\n\t\t\t\t<div class=\"elementor-widget-container\">\n\t\t\t\t\t\t\t\t\t<div class=\"elementor-button-wrapper\">\n\t\t\t\t\t<a class=\"elementor-button elementor-button-link elementor-size-sm elementor-animation-grow\" href=\"https:\/\/www.lextera.fi\/fi\/palvelut\/\" target=\"_blank\">\n\t\t\t\t\t\t<span class=\"elementor-button-content-wrapper\">\n\t\t\t\t\t\t\t\t\t<span class=\"elementor-button-text\">Palveluihimme<\/span>\n\t\t\t\t\t<\/span>\n\t\t\t\t\t<\/a>\n\t\t\t\t<\/div>\n\t\t\t\t\t\t\t\t<\/div>\n\t\t\t\t<\/div>\n\t\t\t\t\t<\/div>\n\t\t<\/div>\n\t\t\t\t\t<\/div>\n\t\t<\/section>\n\t\t\t\t<section class=\"elementor-section elementor-top-section elementor-element elementor-element-6c580ee8 elementor-section-height-min-height elementor-section-boxed elementor-section-height-default elementor-section-items-middle\" data-id=\"6c580ee8\" data-element_type=\"section\" data-e-type=\"section\" data-settings=\"{&quot;background_background&quot;:&quot;classic&quot;}\">\n\t\t\t\t\t\t\t<div class=\"elementor-background-overlay\"><\/div>\n\t\t\t\t\t\t\t<div class=\"elementor-container elementor-column-gap-default\">\n\t\t\t\t\t<div class=\"elementor-column elementor-col-100 elementor-top-column elementor-element elementor-element-67478239\" data-id=\"67478239\" data-element_type=\"column\" data-e-type=\"column\">\n\t\t\t<div class=\"elementor-widget-wrap elementor-element-populated\">\n\t\t\t\t\t\t<div class=\"elementor-element elementor-element-5b240500 elementor-widget elementor-widget-heading\" data-id=\"5b240500\" data-element_type=\"widget\" data-e-type=\"widget\" data-widget_type=\"heading.default\">\n\t\t\t\t<div class=\"elementor-widget-container\">\n\t\t\t\t\t<h2 class=\"elementor-heading-title elementor-size-default\">Lextera on maanl\u00e4heinen ja osaava lakiasiaintoimisto. Yritysnimi Lextera tulee latinan sanoista \u201dlex\u201d ja \u201dterra\u201d. Ensimm\u00e4inen osa, lex, viittaa juridisiin palveluihimme, kun taas terra tarkoittaa maata tai maaper\u00e4\u00e4.<\/h2>\t\t\t\t<\/div>\n\t\t\t\t<\/div>\n\t\t\t\t\t<\/div>\n\t\t<\/div>\n\t\t\t\t\t<\/div>\n\t\t<\/section>\n\t\t\t\t<section class=\"elementor-section elementor-top-section elementor-element elementor-element-9984cea elementor-reverse-mobile elementor-section-boxed elementor-section-height-default elementor-section-height-default\" data-id=\"9984cea\" data-element_type=\"section\" data-e-type=\"section\" data-settings=\"{&quot;background_background&quot;:&quot;classic&quot;}\">\n\t\t\t\t\t\t<div class=\"elementor-container elementor-column-gap-default\">\n\t\t\t\t\t<div class=\"elementor-column elementor-col-33 elementor-top-column elementor-element elementor-element-4961439\" data-id=\"4961439\" data-element_type=\"column\" data-e-type=\"column\" data-settings=\"{&quot;background_background&quot;:&quot;classic&quot;}\">\n\t\t\t<div class=\"elementor-widget-wrap elementor-element-populated\">\n\t\t\t\t\t\t<div class=\"elementor-element elementor-element-e1f496e elementor-widget elementor-widget-spacer\" data-id=\"e1f496e\" data-element_type=\"widget\" data-e-type=\"widget\" data-widget_type=\"spacer.default\">\n\t\t\t\t<div class=\"elementor-widget-container\">\n\t\t\t\t\t\t\t<div class=\"elementor-spacer\">\n\t\t\t<div class=\"elementor-spacer-inner\"><\/div>\n\t\t<\/div>\n\t\t\t\t\t\t<\/div>\n\t\t\t\t<\/div>\n\t\t\t\t\t<\/div>\n\t\t<\/div>\n\t\t\t\t<div class=\"elementor-column elementor-col-66 elementor-top-column elementor-element elementor-element-f627684\" data-id=\"f627684\" data-element_type=\"column\" data-e-type=\"column\">\n\t\t\t<div class=\"elementor-widget-wrap elementor-element-populated\">\n\t\t\t\t\t\t<div class=\"elementor-element elementor-element-25dca57 elementor-widget elementor-widget-text-editor\" data-id=\"25dca57\" data-element_type=\"widget\" data-e-type=\"widget\" data-widget_type=\"text-editor.default\">\n\t\t\t\t<div class=\"elementor-widget-container\">\n\t\t\t\t\t\t\t\t\t<p><strong>Maa on t\u00e4rke\u00e4 minulle, Annelle.<\/strong> Se, ett\u00e4 maata t\u00e4ytyy muokata hell\u00e4varaisesti ja huolellisesti kylv\u00e4mist\u00e4 varten on minulle \u00e4\u00e4rimm\u00e4isen t\u00e4rke\u00e4 asia. Huolellisen kylv\u00f6n lopputulos on onnistunut sato. T\u00e4m\u00e4 vertaus pohjautuu lapsuuteeni maatilalla Hirvlaxissa, Uudessakaarlepyyss\u00e4. Sain jo varhain olla mukana maatilan t\u00f6iss\u00e4, jossa huolellisen taustaty\u00f6n merkitys mahdollisimman hyv\u00e4n lopputuloksen saavuttamiseksi konkretisoitui. Olen tuonut t\u00e4m\u00e4n ajatusmallin Lexteraan. Teen aina perusteellisen valmistelun, jotta asiakkaalleni l\u00f6ytyisi kest\u00e4v\u00e4 ratkaisu h\u00e4nen ongelmiinsa. Valmistuin oikeustieteen maisteriksi Helsingin yliopistosta vuonna 2010. Ennen kuin perustin Lextera olin opiskeluaikanani t\u00f6iss\u00e4 useassa suuressa asianajotoimistossa, auskultoin ja toimin varatuomarina tutkinnon saatuani, toimin juristina ty\u00f6suojeluvirastossa, esittelij\u00e4n\u00e4 Vaasan hovioikeudessa ja juristina EY:ss\u00e4 (aiempi Ernst &amp; Young). Olen my\u00f6s opiskellut oikeustiedett\u00e4 Australiassa ja edustanut Suomea oikeudenk\u00e4ynti- ja argumentointikilpailussa Brysseliss\u00e4. Valmistuin kauppatieteen maisteriksi vuonna 2016 ja sain asianajajatutkinnon kev\u00e4\u00e4ll\u00e4 2019. Vuosien varrella olen pit\u00e4nyt monta luentoa ja ollut useassa luottamusteht\u00e4v\u00e4ss\u00e4. Olen muun muassa ollut mukana Suomen hovioikeustuomarit ry:ss\u00e4 ja olen t\u00e4ll\u00e4 hetkell\u00e4 mukana Mothers in Business ry -yhdistyksess\u00e4 sek\u00e4 Project Liv rf -yhdistyksen hallituksessa. Minulle t\u00e4rkeit\u00e4 asioita ovat perheeni \u2013 varsinkin kolme lastamme \u2013 ja mahdollisuus s\u00e4ilytt\u00e4\u00e4 maatilamme maatalous- ja mets\u00e4yhtym\u00e4n osaomistuksen muodossa.&nbsp;<\/p><p><em>Anne Lindgren-Slotte<\/em> <br>Perustaja<\/p>\t\t\t\t\t\t\t\t<\/div>\n\t\t\t\t<\/div>\n\t\t\t\t\t<\/div>\n\t\t<\/div>\n\t\t\t\t\t<\/div>\n\t\t<\/section>\n\t\t\t\t<\/div>\n\t\t","protected":false},"excerpt":{"rendered":"<p>Meist\u00e4 &#8211; lakiasiaintoimistosi Pohjanmaalla Lextera on lakiasiaintoimistosi Pohjanmaalla, Suomessa. P\u00e4\u00e4s\u00e4\u00e4nt\u00f6inen ty\u00f6kentt\u00e4mme on Pietarsaari, Vaasa ja Uusikaarlepyy l\u00e4hiseutuineen. Erikseen sovittaessa Lextera\u00a0 palvelee asiakkaita my\u00f6s muilla paikkakunnilla. Lextera tarjoaa lainopillista neuvontaa sek\u00e4 yksityishenkil\u00f6ille ett\u00e4 yrityksille. Juridiset asiat voivat tuntua pelottavilta, ja lakiasiaintoimistoja on v\u00e4lill\u00e4 vaikea l\u00e4hesty\u00e4. Lextera haluaa olla matalan kynnyksen lakiasiaintoimistosi. Tarjoamista palveluistamme l\u00f6yd\u00e4t lis\u00e4tietoja klikkaamalla [&hellip;]<\/p>\n","protected":false},"author":2,"featured_media":0,"parent":0,"menu_order":0,"comment_status":"closed","ping_status":"closed","template":"","meta":{"site-sidebar-layout":"no-sidebar","site-content-layout":"page-builder","ast-site-content-layout":"full-width-container","site-content-style":"unboxed","site-sidebar-style":"unboxed","ast-global-header-display":"","ast-banner-title-visibility":"","ast-main-header-display":"disabled","ast-hfb-above-header-display":"","ast-hfb-below-header-display":"","ast-hfb-mobile-header-display":"","site-post-title":"disabled","ast-breadcrumbs-content":"","ast-featured-img":"disabled","footer-sml-layout":"disabled","ast-disable-related-posts":"","theme-transparent-header-meta":"disabled","adv-header-id-meta":"","stick-header-meta":"","header-above-stick-meta":"","header-main-stick-meta":"","header-below-stick-meta":"","astra-migrate-meta-layouts":"set","ast-page-background-enabled":"default","ast-page-background-meta":{"desktop":{"background-color":"","background-image":"","background-repeat":"repeat","background-position":"center center","background-size":"auto","background-attachment":"scroll","background-type":"","background-media":"","overlay-type":"","overlay-color":"","overlay-opacity":"","overlay-gradient":""},"tablet":{"background-color":"","background-image":"","background-repeat":"repeat","background-position":"center center","background-size":"auto","background-attachment":"scroll","background-type":"","background-media":"","overlay-type":"","overlay-color":"","overlay-opacity":"","overlay-gradient":""},"mobile":{"background-color":"","background-image":"","background-repeat":"repeat","background-position":"center center","background-size":"auto","background-attachment":"scroll","background-type":"","background-media":"","overlay-type":"","overlay-color":"","overlay-opacity":"","overlay-gradient":""}},"ast-content-background-meta":{"desktop":{"background-color":"var(--ast-global-color-5)","background-image":"","background-repeat":"repeat","background-position":"center center","background-size":"auto","background-attachment":"scroll","background-type":"","background-media":"","overlay-type":"","overlay-color":"","overlay-opacity":"","overlay-gradient":""},"tablet":{"background-color":"var(--ast-global-color-5)","background-image":"","background-repeat":"repeat","background-position":"center center","background-size":"auto","background-attachment":"scroll","background-type":"","background-media":"","overlay-type":"","overlay-color":"","overlay-opacity":"","overlay-gradient":""},"mobile":{"background-color":"var(--ast-global-color-5)","background-image":"","background-repeat":"repeat","background-position":"center center","background-size":"auto","background-attachment":"scroll","background-type":"","background-media":"","overlay-type":"","overlay-color":"","overlay-opacity":"","overlay-gradient":""}},"footnotes":""},"class_list":["post-725","page","type-page","status-publish","hentry"],"aioseo_notices":[],"_links":{"self":[{"href":"https:\/\/www.lextera.fi\/fi\/wp-json\/wp\/v2\/pages\/725","targetHints":{"allow":["GET"]}}],"collection":[{"href":"https:\/\/www.lextera.fi\/fi\/wp-json\/wp\/v2\/pages"}],"about":[{"href":"https:\/\/www.lextera.fi\/fi\/wp-json\/wp\/v2\/types\/page"}],"author":[{"embeddable":true,"href":"https:\/\/www.lextera.fi\/fi\/wp-json\/wp\/v2\/users\/2"}],"replies":[{"embeddable":true,"href":"https:\/\/www.lextera.fi\/fi\/wp-json\/wp\/v2\/comments?post=725"}],"version-history":[{"count":5,"href":"https:\/\/www.lextera.fi\/fi\/wp-json\/wp\/v2\/pages\/725\/revisions"}],"predecessor-version":[{"id":1372,"href":"https:\/\/www.lextera.fi\/fi\/wp-json\/wp\/v2\/pages\/725\/revisions\/1372"}],"wp:attachment":[{"href":"https:\/\/www.lextera.fi\/fi\/wp-json\/wp\/v2\/media?parent=725"}],"curies":[{"name":"wp","href":"https:\/\/api.w.org\/{rel}","templated":true}]}}