{"id":749,"date":"2020-07-27T10:10:25","date_gmt":"2020-07-27T10:10:25","guid":{"rendered":"https:\/\/www.lextera.fi\/askel-askeleelta\/"},"modified":"2024-08-30T09:14:41","modified_gmt":"2024-08-30T09:14:41","slug":"askel-askeleelta","status":"publish","type":"page","link":"https:\/\/www.lextera.fi\/fi\/askel-askeleelta\/","title":{"rendered":"Askel askeleelta"},"content":{"rendered":"\t\t<div data-elementor-type=\"wp-page\" data-elementor-id=\"749\" class=\"elementor elementor-749 elementor-200\" data-elementor-post-type=\"page\">\n\t\t\t\t\t\t<section class=\"elementor-section elementor-top-section elementor-element elementor-element-5125b971 elementor-section-height-min-height elementor-section-boxed elementor-section-height-default elementor-section-items-middle\" data-id=\"5125b971\" data-element_type=\"section\" data-e-type=\"section\" data-settings=\"{&quot;background_background&quot;:&quot;classic&quot;}\">\n\t\t\t\t\t\t\t<div class=\"elementor-background-overlay\"><\/div>\n\t\t\t\t\t\t\t<div class=\"elementor-container elementor-column-gap-default\">\n\t\t\t\t\t<div class=\"elementor-column elementor-col-100 elementor-top-column elementor-element elementor-element-7a5d0be7\" data-id=\"7a5d0be7\" data-element_type=\"column\" data-e-type=\"column\">\n\t\t\t<div class=\"elementor-widget-wrap elementor-element-populated\">\n\t\t\t\t\t\t<div class=\"elementor-element elementor-element-66bffd98 elementor-widget elementor-widget-heading\" data-id=\"66bffd98\" data-element_type=\"widget\" data-e-type=\"widget\" data-widget_type=\"heading.default\">\n\t\t\t\t<div class=\"elementor-widget-container\">\n\t\t\t\t\t<h1 class=\"elementor-heading-title elementor-size-default\">Askel askeleelta<\/h1>\t\t\t\t<\/div>\n\t\t\t\t<\/div>\n\t\t\t\t<div class=\"elementor-element elementor-element-6063d743 elementor-widget elementor-widget-text-editor\" data-id=\"6063d743\" data-element_type=\"widget\" data-e-type=\"widget\" data-widget_type=\"text-editor.default\">\n\t\t\t\t<div class=\"elementor-widget-container\">\n\t\t\t\t\t\t\t\t\t<p>Eth\u00e4n ep\u00e4roi ottaa meihin yhteytt\u00e4 puhelimitse, s\u00e4hk\u00f6postitse, somen kautta tai k\u00e4ytt\u00e4m\u00e4ll\u00e4 yhteydenottolomakettamme, niin kartoitamme sinun tai yrityksesi juridisen tilanteen. Kartoituksessamme kuuntelemme ja esit\u00e4mme sinulle kysymyksi\u00e4 saadaksemme kuvan juridisesta tilanteestasi.<\/p>\n\t\t\t\t\t\t\t\t<\/div>\n\t\t\t\t<\/div>\n\t\t\t\t\t<\/div>\n\t\t<\/div>\n\t\t\t\t\t<\/div>\n\t\t<\/section>\n\t\t\t\t<section class=\"elementor-section elementor-top-section elementor-element elementor-element-2db1c29 elementor-section-boxed elementor-section-height-default elementor-section-height-default\" data-id=\"2db1c29\" data-element_type=\"section\" data-e-type=\"section\" data-settings=\"{&quot;background_background&quot;:&quot;classic&quot;}\">\n\t\t\t\t\t\t\t<div class=\"elementor-background-overlay\"><\/div>\n\t\t\t\t\t\t\t<div class=\"elementor-container elementor-column-gap-default\">\n\t\t\t\t\t<div class=\"elementor-column elementor-col-100 elementor-top-column elementor-element elementor-element-2f2ff2f\" data-id=\"2f2ff2f\" data-element_type=\"column\" data-e-type=\"column\">\n\t\t\t<div class=\"elementor-widget-wrap elementor-element-populated\">\n\t\t\t\t\t\t<section class=\"elementor-section elementor-inner-section elementor-element elementor-element-c020155 elementor-section-boxed elementor-section-height-default elementor-section-height-default\" data-id=\"c020155\" data-element_type=\"section\" data-e-type=\"section\">\n\t\t\t\t\t\t<div class=\"elementor-container elementor-column-gap-wide\">\n\t\t\t\t\t<div class=\"elementor-column elementor-col-100 elementor-inner-column elementor-element elementor-element-9e54bc8\" data-id=\"9e54bc8\" data-element_type=\"column\" data-e-type=\"column\">\n\t\t\t<div class=\"elementor-widget-wrap elementor-element-populated\">\n\t\t\t\t\t\t<div class=\"elementor-element elementor-element-d8c9d88 elementor-widget elementor-widget-heading\" data-id=\"d8c9d88\" data-element_type=\"widget\" data-e-type=\"widget\" data-widget_type=\"heading.default\">\n\t\t\t\t<div class=\"elementor-widget-container\">\n\t\t\t\t\t<h5 class=\"elementor-heading-title elementor-size-default\">Haluamme, ett\u00e4 Lextera on lakiasiantoimisto, johon on helppo ottaa yhteytt\u00e4. Saavuttaaksemme <br>parhaimman mahdollisen lopputuloksen seuraavat asiat ovat t\u00e4rkeit\u00e4 pit\u00e4\u00e4 mieless\u00e4.<\/h5>\t\t\t\t<\/div>\n\t\t\t\t<\/div>\n\t\t\t\t\t<\/div>\n\t\t<\/div>\n\t\t\t\t\t<\/div>\n\t\t<\/section>\n\t\t\t\t\t<\/div>\n\t\t<\/div>\n\t\t\t\t\t<\/div>\n\t\t<\/section>\n\t\t\t\t<section class=\"elementor-section elementor-top-section elementor-element elementor-element-4d05a44 elementor-section-content-bottom elementor-section-boxed elementor-section-height-default elementor-section-height-default\" data-id=\"4d05a44\" data-element_type=\"section\" data-e-type=\"section\" data-settings=\"{&quot;background_background&quot;:&quot;classic&quot;}\">\n\t\t\t\t\t\t<div class=\"elementor-container elementor-column-gap-default\">\n\t\t\t\t\t<div class=\"elementor-column elementor-col-100 elementor-top-column elementor-element elementor-element-8d5cc4b\" data-id=\"8d5cc4b\" data-element_type=\"column\" data-e-type=\"column\">\n\t\t\t<div class=\"elementor-widget-wrap\">\n\t\t\t\t\t\t\t<\/div>\n\t\t<\/div>\n\t\t\t\t\t<\/div>\n\t\t<\/section>\n\t\t\t\t<section class=\"elementor-section elementor-top-section elementor-element elementor-element-805cd01 elementor-section-boxed elementor-section-height-default elementor-section-height-default\" data-id=\"805cd01\" data-element_type=\"section\" data-e-type=\"section\">\n\t\t\t\t\t\t<div class=\"elementor-container elementor-column-gap-default\">\n\t\t\t\t\t<div class=\"elementor-column elementor-col-100 elementor-top-column elementor-element elementor-element-7fbd9b4\" data-id=\"7fbd9b4\" data-element_type=\"column\" data-e-type=\"column\" data-settings=\"{&quot;background_background&quot;:&quot;classic&quot;}\">\n\t\t\t<div class=\"elementor-widget-wrap elementor-element-populated\">\n\t\t\t\t\t\t<section class=\"elementor-section elementor-inner-section elementor-element elementor-element-82c80ef elementor-section-full_width elementor-section-height-default elementor-section-height-default\" data-id=\"82c80ef\" data-element_type=\"section\" data-e-type=\"section\" data-settings=\"{&quot;background_background&quot;:&quot;classic&quot;}\">\n\t\t\t\t\t\t<div class=\"elementor-container elementor-column-gap-default\">\n\t\t\t\t\t<div class=\"elementor-column elementor-col-33 elementor-inner-column elementor-element elementor-element-807492f\" data-id=\"807492f\" data-element_type=\"column\" data-e-type=\"column\" data-settings=\"{&quot;background_background&quot;:&quot;classic&quot;}\">\n\t\t\t<div class=\"elementor-widget-wrap elementor-element-populated\">\n\t\t\t\t\t\t<div class=\"elementor-element elementor-element-d9bbb31 elementor-widget elementor-widget-image\" data-id=\"d9bbb31\" data-element_type=\"widget\" data-e-type=\"widget\" data-widget_type=\"image.default\">\n\t\t\t\t<div class=\"elementor-widget-container\">\n\t\t\t\t\t\t\t\t\t\t\t\t\t\t\t<img fetchpriority=\"high\" decoding=\"async\" width=\"1024\" height=\"1024\" src=\"https:\/\/www.lextera.fi\/wp-content\/uploads\/2020\/03\/tidpunkt-1024x1024.png\" class=\"attachment-large size-large wp-image-751\" alt=\"Timing.\" srcset=\"https:\/\/www.lextera.fi\/wp-content\/uploads\/2020\/03\/tidpunkt-1024x1024.png 1024w, https:\/\/www.lextera.fi\/wp-content\/uploads\/2020\/03\/tidpunkt-300x300.png 300w, https:\/\/www.lextera.fi\/wp-content\/uploads\/2020\/03\/tidpunkt-150x150.png 150w, https:\/\/www.lextera.fi\/wp-content\/uploads\/2020\/03\/tidpunkt-768x768.png 768w, https:\/\/www.lextera.fi\/wp-content\/uploads\/2020\/03\/tidpunkt.png 1250w\" sizes=\"(max-width: 1024px) 100vw, 1024px\" \/>\t\t\t\t\t\t\t\t\t\t\t\t\t\t\t<\/div>\n\t\t\t\t<\/div>\n\t\t\t\t<div class=\"elementor-element elementor-element-42399d2 elementor-widget elementor-widget-heading\" data-id=\"42399d2\" data-element_type=\"widget\" data-e-type=\"widget\" data-widget_type=\"heading.default\">\n\t\t\t\t<div class=\"elementor-widget-container\">\n\t\t\t\t\t<h4 class=\"elementor-heading-title elementor-size-default\">Ajankohta<\/h4>\t\t\t\t<\/div>\n\t\t\t\t<\/div>\n\t\t\t\t<div class=\"elementor-element elementor-element-2c7a1c9 elementor-widget elementor-widget-text-editor\" data-id=\"2c7a1c9\" data-element_type=\"widget\" data-e-type=\"widget\" data-widget_type=\"text-editor.default\">\n\t\t\t\t<div class=\"elementor-widget-container\">\n\t\t\t\t\t\t\t\t\t<p>Lakiasioissa on parempi toimia mieluummin ennemmin kuin my\u00f6hemmin. Suosittelemme, ett\u00e4 otat meihin yhteytt\u00e4 heti kun riita tai kiista on syntynyt. Emme ole t\u00e4\u00e4ll\u00e4 tuomitsemassa ket\u00e4\u00e4n, vaan auttamassa sinua. Ottamalla meihin ajoissa yhteytt\u00e4 sinulla on paremmat mahdollisuudet ratkaista ongelmat esimerkiksi neuvottelemalla, ilman, ett\u00e4 asiasi t\u00e4ytyy vied\u00e4 oikeuteen. On halvempaa ratkoa riitoja ja kiistoja aikaisessa vaiheessa, hyviss\u00e4 ajoin, ennen kuin tuomioistuin on ainoa j\u00e4ljell\u00e4 oleva vaihtoehto. Valitse se yhteydenottotapa, joka sopii sinulle parhaiten, niin palaamme kysymyksiisi mahdollisimman pian.<\/p>\n\t\t\t\t\t\t\t\t<\/div>\n\t\t\t\t<\/div>\n\t\t\t\t\t<\/div>\n\t\t<\/div>\n\t\t\t\t<div class=\"elementor-column elementor-col-33 elementor-inner-column elementor-element elementor-element-7c64f30\" data-id=\"7c64f30\" data-element_type=\"column\" data-e-type=\"column\">\n\t\t\t<div class=\"elementor-widget-wrap elementor-element-populated\">\n\t\t\t\t\t\t<div class=\"elementor-element elementor-element-72e5839 elementor-widget elementor-widget-image\" data-id=\"72e5839\" data-element_type=\"widget\" data-e-type=\"widget\" data-widget_type=\"image.default\">\n\t\t\t\t<div class=\"elementor-widget-container\">\n\t\t\t\t\t\t\t\t\t\t\t\t\t\t\t<img decoding=\"async\" width=\"1024\" height=\"1024\" src=\"https:\/\/www.lextera.fi\/wp-content\/uploads\/2020\/03\/karna-1024x1024.png\" class=\"attachment-large size-large wp-image-754\" alt=\"The core.\" srcset=\"https:\/\/www.lextera.fi\/wp-content\/uploads\/2020\/03\/karna-1024x1024.png 1024w, https:\/\/www.lextera.fi\/wp-content\/uploads\/2020\/03\/karna-300x300.png 300w, https:\/\/www.lextera.fi\/wp-content\/uploads\/2020\/03\/karna-150x150.png 150w, https:\/\/www.lextera.fi\/wp-content\/uploads\/2020\/03\/karna-768x767.png 768w, https:\/\/www.lextera.fi\/wp-content\/uploads\/2020\/03\/karna.png 1251w\" sizes=\"(max-width: 1024px) 100vw, 1024px\" \/>\t\t\t\t\t\t\t\t\t\t\t\t\t\t\t<\/div>\n\t\t\t\t<\/div>\n\t\t\t\t<div class=\"elementor-element elementor-element-33c2933 elementor-widget elementor-widget-heading\" data-id=\"33c2933\" data-element_type=\"widget\" data-e-type=\"widget\" data-widget_type=\"heading.default\">\n\t\t\t\t<div class=\"elementor-widget-container\">\n\t\t\t\t\t<h4 class=\"elementor-heading-title elementor-size-default\">Asian ydin<\/h4>\t\t\t\t<\/div>\n\t\t\t\t<\/div>\n\t\t\t\t<div class=\"elementor-element elementor-element-fcd7fa2 elementor-widget elementor-widget-text-editor\" data-id=\"fcd7fa2\" data-element_type=\"widget\" data-e-type=\"widget\" data-widget_type=\"text-editor.default\">\n\t\t\t\t<div class=\"elementor-widget-container\">\n\t\t\t\t\t\t\t\t\t<p>Pysty\u00e4ksemme auttamaan sinua mahdollisimman pian on hyv\u00e4 jos k\u00e4yt etuk\u00e4teen l\u00e4pi mihin juridiseen ongelmaan tarvitset apua. Asian k\u00e4sittely\u00e4 nopeuttaa my\u00f6s, jos selvit\u00e4t onko sinulla oikeusturvavakuutusta. Oikeusturvavakuutus voi sis\u00e4lty\u00e4 kotivakuutukseesi tai yritysvakuutuspakettiisi.<\/p>\n\t\t\t\t\t\t\t\t<\/div>\n\t\t\t\t<\/div>\n\t\t\t\t\t<\/div>\n\t\t<\/div>\n\t\t\t\t<div class=\"elementor-column elementor-col-33 elementor-inner-column elementor-element elementor-element-1d7041e\" data-id=\"1d7041e\" data-element_type=\"column\" data-e-type=\"column\">\n\t\t\t<div class=\"elementor-widget-wrap elementor-element-populated\">\n\t\t\t\t\t\t<div class=\"elementor-element elementor-element-7a12e96 elementor-widget elementor-widget-image\" data-id=\"7a12e96\" data-element_type=\"widget\" data-e-type=\"widget\" data-widget_type=\"image.default\">\n\t\t\t\t<div class=\"elementor-widget-container\">\n\t\t\t\t\t\t\t\t\t\t\t\t\t\t\t<img decoding=\"async\" width=\"1024\" height=\"1024\" src=\"https:\/\/www.lextera.fi\/wp-content\/uploads\/2020\/03\/kartlaggning-1024x1024.png\" class=\"attachment-large size-large wp-image-757\" alt=\"The outline.\" srcset=\"https:\/\/www.lextera.fi\/wp-content\/uploads\/2020\/03\/kartlaggning-1024x1024.png 1024w, https:\/\/www.lextera.fi\/wp-content\/uploads\/2020\/03\/kartlaggning-300x300.png 300w, https:\/\/www.lextera.fi\/wp-content\/uploads\/2020\/03\/kartlaggning-150x150.png 150w, https:\/\/www.lextera.fi\/wp-content\/uploads\/2020\/03\/kartlaggning-768x767.png 768w, https:\/\/www.lextera.fi\/wp-content\/uploads\/2020\/03\/kartlaggning.png 1251w\" sizes=\"(max-width: 1024px) 100vw, 1024px\" \/>\t\t\t\t\t\t\t\t\t\t\t\t\t\t\t<\/div>\n\t\t\t\t<\/div>\n\t\t\t\t<div class=\"elementor-element elementor-element-3027fc0 elementor-widget elementor-widget-heading\" data-id=\"3027fc0\" data-element_type=\"widget\" data-e-type=\"widget\" data-widget_type=\"heading.default\">\n\t\t\t\t<div class=\"elementor-widget-container\">\n\t\t\t\t\t<h4 class=\"elementor-heading-title elementor-size-default\">Kartoitus<\/h4>\t\t\t\t<\/div>\n\t\t\t\t<\/div>\n\t\t\t\t<div class=\"elementor-element elementor-element-bb4ccda elementor-widget elementor-widget-text-editor\" data-id=\"bb4ccda\" data-element_type=\"widget\" data-e-type=\"widget\" data-widget_type=\"text-editor.default\">\n\t\t\t\t<div class=\"elementor-widget-container\">\n\t\t\t\t\t\t\t\t\t<p>Ensimm\u00e4inen puhelun yhteydess\u00e4 kuuntelemme ja esit\u00e4mme sinulle kysymyksi\u00e4 saadaksemme kuvan juridisesta tilanteestasi. Varmistamme my\u00f6s, ettemme ole j\u00e4\u00e4vej\u00e4 hoitamaan asiaasi. Jos j\u00e4\u00e4viytt\u00e4 ei pystyt\u00e4 toteamaan, aloitetamme Lexteran ja sinun v\u00e4lisen yhteisty\u00f6n. Kirjallinen aineisto ja tiedot jotka jaat kanssamme toimivat alustana kootulle juridiselle arvioinnille, jonka Lextera tekee tilanteestasi.<\/p>\t\t\t\t\t\t\t\t<\/div>\n\t\t\t\t<\/div>\n\t\t\t\t\t<\/div>\n\t\t<\/div>\n\t\t\t\t\t<\/div>\n\t\t<\/section>\n\t\t\t\t\t<\/div>\n\t\t<\/div>\n\t\t\t\t\t<\/div>\n\t\t<\/section>\n\t\t\t\t<section class=\"elementor-section elementor-top-section elementor-element elementor-element-335fa3c elementor-section-boxed elementor-section-height-default elementor-section-height-default\" data-id=\"335fa3c\" data-element_type=\"section\" data-e-type=\"section\">\n\t\t\t\t\t\t<div class=\"elementor-container elementor-column-gap-default\">\n\t\t\t\t\t<div class=\"elementor-column elementor-col-100 elementor-top-column elementor-element elementor-element-9389322\" data-id=\"9389322\" data-element_type=\"column\" data-e-type=\"column\" data-settings=\"{&quot;background_background&quot;:&quot;classic&quot;}\">\n\t\t\t<div class=\"elementor-widget-wrap elementor-element-populated\">\n\t\t\t\t\t\t<section class=\"elementor-section elementor-inner-section elementor-element elementor-element-2430990 elementor-section-full_width elementor-section-height-default elementor-section-height-default\" data-id=\"2430990\" data-element_type=\"section\" data-e-type=\"section\" data-settings=\"{&quot;background_background&quot;:&quot;classic&quot;}\">\n\t\t\t\t\t\t<div class=\"elementor-container elementor-column-gap-default\">\n\t\t\t\t\t<div class=\"elementor-column elementor-col-50 elementor-inner-column elementor-element elementor-element-621f25a\" data-id=\"621f25a\" data-element_type=\"column\" data-e-type=\"column\" data-settings=\"{&quot;background_background&quot;:&quot;classic&quot;}\">\n\t\t\t<div class=\"elementor-widget-wrap elementor-element-populated\">\n\t\t\t\t\t\t<div class=\"elementor-element elementor-element-b86d0ed elementor-widget elementor-widget-image\" data-id=\"b86d0ed\" data-element_type=\"widget\" data-e-type=\"widget\" data-widget_type=\"image.default\">\n\t\t\t\t<div class=\"elementor-widget-container\">\n\t\t\t\t\t\t\t\t\t\t\t\t\t\t\t<img loading=\"lazy\" decoding=\"async\" width=\"1024\" height=\"1024\" src=\"https:\/\/www.lextera.fi\/wp-content\/uploads\/2020\/03\/Uppdragsavtal-1024x1024.png\" class=\"attachment-large size-large wp-image-760\" alt=\"Commission agreement.\" srcset=\"https:\/\/www.lextera.fi\/wp-content\/uploads\/2020\/03\/Uppdragsavtal-1024x1024.png 1024w, https:\/\/www.lextera.fi\/wp-content\/uploads\/2020\/03\/Uppdragsavtal-300x300.png 300w, https:\/\/www.lextera.fi\/wp-content\/uploads\/2020\/03\/Uppdragsavtal-150x150.png 150w, https:\/\/www.lextera.fi\/wp-content\/uploads\/2020\/03\/Uppdragsavtal-768x769.png 768w, https:\/\/www.lextera.fi\/wp-content\/uploads\/2020\/03\/Uppdragsavtal.png 1250w\" sizes=\"(max-width: 1024px) 100vw, 1024px\" \/>\t\t\t\t\t\t\t\t\t\t\t\t\t\t\t<\/div>\n\t\t\t\t<\/div>\n\t\t\t\t<div class=\"elementor-element elementor-element-0801b52 elementor-widget elementor-widget-heading\" data-id=\"0801b52\" data-element_type=\"widget\" data-e-type=\"widget\" data-widget_type=\"heading.default\">\n\t\t\t\t<div class=\"elementor-widget-container\">\n\t\t\t\t\t<h4 class=\"elementor-heading-title elementor-size-default\">Toimeksiantosopimus<\/h4>\t\t\t\t<\/div>\n\t\t\t\t<\/div>\n\t\t\t\t<div class=\"elementor-element elementor-element-3317bbb elementor-widget elementor-widget-text-editor\" data-id=\"3317bbb\" data-element_type=\"widget\" data-e-type=\"widget\" data-widget_type=\"text-editor.default\">\n\t\t\t\t<div class=\"elementor-widget-container\">\n\t\t\t\t\t\t\t\t\t<p>Kun olemme yhdess\u00e4 keskustelleet kootusta juridisesta arvioinnista, ja molemmat olemme tietoisia \u00a0mitk\u00e4 toimenpiteet seuraavaksi ovat vuorossa, on meid\u00e4n aika tehd\u00e4 toimeksiantosopimus. Toimeksiantosopimus luo perustan toimeksiannon tavoitteille, itse toimenpiteille, joilla toteutamme n\u00e4m\u00e4 tavoitteet, sek\u00e4 teht\u00e4v\u00e4palkkiolle. Toisin sanoen toimeksiantosopimus asettaa kehykset juridiselle toimeksiannolle.<\/p><p><em>Huom, toimeksiantosopimuksia ei aina tehd\u00e4 esim. lyhyemmiss\u00e4 toimeksiannoissa!\u00a0<\/em><\/p>\t\t\t\t\t\t\t\t<\/div>\n\t\t\t\t<\/div>\n\t\t\t\t\t<\/div>\n\t\t<\/div>\n\t\t\t\t<div class=\"elementor-column elementor-col-50 elementor-inner-column elementor-element elementor-element-48e30d8\" data-id=\"48e30d8\" data-element_type=\"column\" data-e-type=\"column\">\n\t\t\t<div class=\"elementor-widget-wrap elementor-element-populated\">\n\t\t\t\t\t\t<div class=\"elementor-element elementor-element-09166c6 elementor-widget elementor-widget-image\" data-id=\"09166c6\" data-element_type=\"widget\" data-e-type=\"widget\" data-widget_type=\"image.default\">\n\t\t\t\t<div class=\"elementor-widget-container\">\n\t\t\t\t\t\t\t\t\t\t\t\t\t\t\t<img loading=\"lazy\" decoding=\"async\" width=\"1024\" height=\"1024\" src=\"https:\/\/www.lextera.fi\/wp-content\/uploads\/2020\/03\/kommunikation-1024x1024.png\" class=\"attachment-large size-large wp-image-763\" alt=\"Communication in confidence.\" srcset=\"https:\/\/www.lextera.fi\/wp-content\/uploads\/2020\/03\/kommunikation-1024x1024.png 1024w, https:\/\/www.lextera.fi\/wp-content\/uploads\/2020\/03\/kommunikation-300x300.png 300w, https:\/\/www.lextera.fi\/wp-content\/uploads\/2020\/03\/kommunikation-150x150.png 150w, https:\/\/www.lextera.fi\/wp-content\/uploads\/2020\/03\/kommunikation-768x768.png 768w, https:\/\/www.lextera.fi\/wp-content\/uploads\/2020\/03\/kommunikation.png 1251w\" sizes=\"(max-width: 1024px) 100vw, 1024px\" \/>\t\t\t\t\t\t\t\t\t\t\t\t\t\t\t<\/div>\n\t\t\t\t<\/div>\n\t\t\t\t<div class=\"elementor-element elementor-element-8049da1 elementor-widget elementor-widget-heading\" data-id=\"8049da1\" data-element_type=\"widget\" data-e-type=\"widget\" data-widget_type=\"heading.default\">\n\t\t\t\t<div class=\"elementor-widget-container\">\n\t\t\t\t\t<h4 class=\"elementor-heading-title elementor-size-default\">Luottamuksellista vuorovaikutusta<\/h4>\t\t\t\t<\/div>\n\t\t\t\t<\/div>\n\t\t\t\t<div class=\"elementor-element elementor-element-e3229a4 elementor-widget elementor-widget-text-editor\" data-id=\"e3229a4\" data-element_type=\"widget\" data-e-type=\"widget\" data-widget_type=\"text-editor.default\">\n\t\t\t\t<div class=\"elementor-widget-container\">\n\t\t\t\t\t\t\t\t\t<p>Sin\u00e4 tunnet tilanteesi ja me tunnemme lainopin, mutta saavuttaaksemme parhaimman mahdollisen lopputuloksen tarvitsemme vuorovaikutusta ja luottamusta. Suora ja selke\u00e4 dialogi kanssasi on meille syd\u00e4nasia. \u00a0<\/p>\n\t\t\t\t\t\t\t\t<\/div>\n\t\t\t\t<\/div>\n\t\t\t\t\t<\/div>\n\t\t<\/div>\n\t\t\t\t\t<\/div>\n\t\t<\/section>\n\t\t\t\t\t<\/div>\n\t\t<\/div>\n\t\t\t\t\t<\/div>\n\t\t<\/section>\n\t\t\t\t<\/div>\n\t\t","protected":false},"excerpt":{"rendered":"<p>Askel askeleelta Eth\u00e4n ep\u00e4roi ottaa meihin yhteytt\u00e4 puhelimitse, s\u00e4hk\u00f6postitse, somen kautta tai k\u00e4ytt\u00e4m\u00e4ll\u00e4 yhteydenottolomakettamme, niin kartoitamme sinun tai yrityksesi juridisen tilanteen. Kartoituksessamme kuuntelemme ja esit\u00e4mme sinulle kysymyksi\u00e4 saadaksemme kuvan juridisesta tilanteestasi. Haluamme, ett\u00e4 Lextera on lakiasiantoimisto, johon on helppo ottaa yhteytt\u00e4. Saavuttaaksemme parhaimman mahdollisen lopputuloksen seuraavat asiat ovat t\u00e4rkeit\u00e4 pit\u00e4\u00e4 mieless\u00e4. Ajankohta Lakiasioissa on parempi [&hellip;]<\/p>\n","protected":false},"author":2,"featured_media":0,"parent":0,"menu_order":0,"comment_status":"closed","ping_status":"closed","template":"","meta":{"site-sidebar-layout":"no-sidebar","site-content-layout":"page-builder","ast-site-content-layout":"full-width-container","site-content-style":"unboxed","site-sidebar-style":"unboxed","ast-global-header-display":"","ast-banner-title-visibility":"","ast-main-header-display":"disabled","ast-hfb-above-header-display":"","ast-hfb-below-header-display":"","ast-hfb-mobile-header-display":"","site-post-title":"disabled","ast-breadcrumbs-content":"","ast-featured-img":"disabled","footer-sml-layout":"disabled","ast-disable-related-posts":"","theme-transparent-header-meta":"disabled","adv-header-id-meta":"","stick-header-meta":"","header-above-stick-meta":"","header-main-stick-meta":"","header-below-stick-meta":"","astra-migrate-meta-layouts":"set","ast-page-background-enabled":"default","ast-page-background-meta":{"desktop":{"background-color":"","background-image":"","background-repeat":"repeat","background-position":"center center","background-size":"auto","background-attachment":"scroll","background-type":"","background-media":"","overlay-type":"","overlay-color":"","overlay-opacity":"","overlay-gradient":""},"tablet":{"background-color":"","background-image":"","background-repeat":"repeat","background-position":"center center","background-size":"auto","background-attachment":"scroll","background-type":"","background-media":"","overlay-type":"","overlay-color":"","overlay-opacity":"","overlay-gradient":""},"mobile":{"background-color":"","background-image":"","background-repeat":"repeat","background-position":"center center","background-size":"auto","background-attachment":"scroll","background-type":"","background-media":"","overlay-type":"","overlay-color":"","overlay-opacity":"","overlay-gradient":""}},"ast-content-background-meta":{"desktop":{"background-color":"var(--ast-global-color-5)","background-image":"","background-repeat":"repeat","background-position":"center center","background-size":"auto","background-attachment":"scroll","background-type":"","background-media":"","overlay-type":"","overlay-color":"","overlay-opacity":"","overlay-gradient":""},"tablet":{"background-color":"var(--ast-global-color-5)","background-image":"","background-repeat":"repeat","background-position":"center center","background-size":"auto","background-attachment":"scroll","background-type":"","background-media":"","overlay-type":"","overlay-color":"","overlay-opacity":"","overlay-gradient":""},"mobile":{"background-color":"var(--ast-global-color-5)","background-image":"","background-repeat":"repeat","background-position":"center center","background-size":"auto","background-attachment":"scroll","background-type":"","background-media":"","overlay-type":"","overlay-color":"","overlay-opacity":"","overlay-gradient":""}},"footnotes":""},"class_list":["post-749","page","type-page","status-publish","hentry"],"aioseo_notices":[],"_links":{"self":[{"href":"https:\/\/www.lextera.fi\/fi\/wp-json\/wp\/v2\/pages\/749","targetHints":{"allow":["GET"]}}],"collection":[{"href":"https:\/\/www.lextera.fi\/fi\/wp-json\/wp\/v2\/pages"}],"about":[{"href":"https:\/\/www.lextera.fi\/fi\/wp-json\/wp\/v2\/types\/page"}],"author":[{"embeddable":true,"href":"https:\/\/www.lextera.fi\/fi\/wp-json\/wp\/v2\/users\/2"}],"replies":[{"embeddable":true,"href":"https:\/\/www.lextera.fi\/fi\/wp-json\/wp\/v2\/comments?post=749"}],"version-history":[{"count":5,"href":"https:\/\/www.lextera.fi\/fi\/wp-json\/wp\/v2\/pages\/749\/revisions"}],"predecessor-version":[{"id":1385,"href":"https:\/\/www.lextera.fi\/fi\/wp-json\/wp\/v2\/pages\/749\/revisions\/1385"}],"wp:attachment":[{"href":"https:\/\/www.lextera.fi\/fi\/wp-json\/wp\/v2\/media?parent=749"}],"curies":[{"name":"wp","href":"https:\/\/api.w.org\/{rel}","templated":true}]}}