{"id":815,"date":"2020-07-29T06:15:36","date_gmt":"2020-07-29T06:15:36","guid":{"rendered":"https:\/\/www.lextera.fi\/tietosuojaseloste\/"},"modified":"2024-10-14T07:51:37","modified_gmt":"2024-10-14T07:51:37","slug":"tietosuojaseloste","status":"publish","type":"page","link":"https:\/\/www.lextera.fi\/fi\/tietosuojaseloste\/","title":{"rendered":"Tietosuojaseloste"},"content":{"rendered":"\t\t<div data-elementor-type=\"wp-page\" data-elementor-id=\"815\" class=\"elementor elementor-815 elementor-454\" data-elementor-post-type=\"page\">\n\t\t\t\t\t\t<section class=\"elementor-section elementor-top-section elementor-element elementor-element-07918e8 elementor-section-boxed elementor-section-height-default elementor-section-height-default\" data-id=\"07918e8\" data-element_type=\"section\" data-e-type=\"section\">\n\t\t\t\t\t\t<div class=\"elementor-container elementor-column-gap-default\">\n\t\t\t\t\t<div class=\"elementor-column elementor-col-100 elementor-top-column elementor-element elementor-element-813bf7e\" data-id=\"813bf7e\" data-element_type=\"column\" data-e-type=\"column\">\n\t\t\t<div class=\"elementor-widget-wrap elementor-element-populated\">\n\t\t\t\t\t\t<div class=\"elementor-element elementor-element-a72b344 elementor-widget elementor-widget-text-editor\" data-id=\"a72b344\" data-element_type=\"widget\" data-e-type=\"widget\" data-widget_type=\"text-editor.default\">\n\t\t\t\t<div class=\"elementor-widget-container\">\n\t\t\t\t\t\t\t\t\t<h1>Tietosuojaseloste<\/h1><p>T\u00e4m\u00e4 on Lextera Law Ab Oy:n <strong>tietosuojaseloste<\/strong>. T\u00e4m\u00e4 asiakirja on laadittu 2.9.2019 ja viimeisin p\u00e4ivitys siihen on tehty 2.7.2020.<\/p><p>Tietosuojaseloste koskee sit\u00e4, miten Lextera Law ker\u00e4\u00e4, s\u00e4ilytt\u00e4\u00e4, k\u00e4sittelee ja suojaa henkil\u00f6tietoja.<\/p><p><strong>Henkil\u00f6tietovastaava<\/strong><br \/>Lextera Law Ab Oy<br \/>Rantalinna, Rantakatu 100<br \/>65100 Vaasa<br \/>Y-tunnus: 3013007-6<\/p><p>Yhteyshenkil\u00f6: Varatuomari, ekonomi Anne Lindgren-Slotte<br \/>Puhelinnumero: 050\u00a0344 7758<br \/>S\u00e4hk\u00f6posti: info@lextera.fi<\/p><p><strong>Henkil\u00f6tietojen k\u00e4ytt\u00f6tarkoitus ja peruste<\/strong><\/p><p>Lextera Law k\u00e4sittelee ja s\u00e4ilytt\u00e4\u00e4 henkil\u00f6tietoja ainoastaan siin\u00e4 laajuudessa mit\u00e4 hallinnolliset toimenpiteet, toimeksiantojen suorittaminen (mukaan lukien toimenpiteet ennen toimeksiannon hyv\u00e4ksynt\u00e4\u00e4) sek\u00e4 laillisten vaatimusten toteuttaminen, kuten esimerkiksi laki rahanpesun ja terrorismin rahoittamisen est\u00e4misest\u00e4, vaatii.<\/p><p>K\u00e4\u00e4ntym\u00e4ll\u00e4 meid\u00e4n puoleemme annat suostumuksesi siihen, ett\u00e4 ker\u00e4\u00e4mme, s\u00e4ilyt\u00e4mme, k\u00e4sittelemme ja k\u00e4yt\u00e4mme sinun (rekister\u00f6idyn) henkil\u00f6tietojasi.<\/p><p><strong>Rekisterin henkil\u00f6tietosis\u00e4lt\u00f6<\/strong><\/p><p>Henkil\u00f6tiedot, jotka ker\u00e4t\u00e4\u00e4n toimeksiannon suorittamiseksi ovat esimerkiksi:<\/p><ul><li>nimi<\/li><li>henkil\u00f6tunnus<\/li><li>osoite<\/li><li>puhelinnumero<\/li><li>s\u00e4hk\u00f6postisosoite<\/li><li>henkil\u00f6todistuksen kopio<\/li><li>tietoja vastapuolesta<\/li><li>tietoja luonnollisesta henkil\u00f6st\u00e4 (\/luonnollisista henkil\u00f6ist\u00e4), joka toimii juridisen henkil\u00f6n yhteyshenkil\u00f6n\u00e4<\/li><li>tietoja liiketapahtumiin liittyvien varojen alkuper\u00e4st\u00e4<\/li><li>tietoja asiakkaasta ja asiakkaan l\u00e4heisten mahdollisesta poliittisesta vaikutusvallasta<\/li><\/ul><p>\u00a0<\/p><p><strong>Henkil\u00f6tietojen s\u00e4ilytt\u00e4minen ja tietosuoja<\/strong><\/p><p>Joitain henkil\u00f6tietoja s\u00e4ilytet\u00e4\u00e4n fyysisess\u00e4 muodossa, kun taas muita henkil\u00f6tietoja s\u00e4ilytet\u00e4\u00e4n elektronisessa muodossa. Toimeksiantosopimus solmitaan jokaisen asiakkaan kanssa, ja sen yhteydess\u00e4 tarvittavat tiedot ker\u00e4t\u00e4\u00e4n ja laitetaan kansioihin. Suoritetun toimeksiannon j\u00e4lkeen Lextera Law pit\u00e4\u00e4 huolen siit\u00e4, ett\u00e4 tiedot arkistoidaan ainakin kymmenen vuotta. T\u00e4m\u00e4n ajanjakson j\u00e4lkeen tiedot tuhotaan turvallisella tavalla. Arkiston sis\u00e4lt\u00f6 on kirjattu sis\u00e4llysluetteloon ja se pidet\u00e4\u00e4n lukittuna. Avain arkistoon on ainoastaan VT, KTM Lindgren-Slottella.<\/p><p>Digitaalisesti s\u00e4ilytetyt ja k\u00e4sitellyt henkil\u00f6tiedot l\u00f6ytyv\u00e4t tietokannoista, jotka on suojattu palomuurin, salasanojen ja muiden teknisten apuv\u00e4lineiden voimin.<\/p><p>\u00a0<\/p><p>N\u00e4ill\u00e4 organisatorisilla ja teknisill\u00e4 toimenpiteill\u00e4 varmistamme, ett\u00e4 tietosi ovat kaikin puolin turvassa, suojassa asiattomalta k\u00e4sittelylt\u00e4, eik\u00e4 niit\u00e4 tuhota, poisteta, muuteta tai siirret\u00e4 luvatta.<\/p><p>Henkil\u00f6tietoja s\u00e4ilytet\u00e4\u00e4n laskutusohjelmassa CSI.<\/p><p>CSI Helsinki Oy<\/p><p>Y-tunnus: 1826556-9<\/p><p>Vilhonvuorenkatu 11 C<\/p><p>00500 Helsinki<\/p><p>Suoritetun toimeksiannon j\u00e4lkeen mainitussa ohjelmassa s\u00e4ilytetyt henkil\u00f6tiedot tallennetaan asiakasrekisteriin, est\u00e4\u00e4kseen esteellisyystilanteita tulevaisuudessa. Laskutusohjelma vastaa henkil\u00f6tietojen suojaamisesta ja sitoutuu tietojen luottamukselliseen k\u00e4sittelyyn.<\/p><p><strong>Henkil\u00f6tietojen luovuttaminen<\/strong><\/p><p>Mit\u00e4\u00e4n henkil\u00f6tietoja ei luovuteta valtioille Euroopan unionin tai Euroopan talousalueen ulkopuolelle. Lextera Law ei miss\u00e4\u00e4n tilanteessa luovuta henkil\u00f6tietoja ulkopuolisille, pois lukien tilanteet, joissa se on tarpeen toimeksiantoa varten.<\/p><p>\u00a0<\/p><p><strong>Rekister\u00f6idyn oikeudet<\/strong><\/p><p>Rekister\u00f6idyll\u00e4 on oikeus tarkistaa mit\u00e4 tietoja rekisteriss\u00e4mme s\u00e4ilytet\u00e4\u00e4n h\u00e4nen henkil\u00f6st\u00e4\u00e4n. Rekister\u00f6idyll\u00e4 on oikeus saada tietoa s\u00e4ilytt\u00e4misen perusteesta ja k\u00e4ytt\u00f6tarkoituksesta. Rekister\u00f6idyll\u00e4 on oikeus tarkastaa h\u00e4nest\u00e4 rekister\u00f6idyt henkil\u00f6tiedot. Rekister\u00f6idyn pyynn\u00f6st\u00e4 korjaamme, poistamme tai t\u00e4ydenn\u00e4mme henkil\u00f6tietoja, jotka ovat virheellisi\u00e4, turhia, puutteellisia tai vanhentuneita k\u00e4ytt\u00f6tarkoitukseen n\u00e4hden.<\/p><p>\u00a0<\/p><p>Jos et ole tyytyv\u00e4inen siihen, miten k\u00e4sittelemme henkil\u00f6tietojasi toivomme, ett\u00e4 voimme aluksi keskustella asiasta ja ett\u00e4 voimme selvitt\u00e4\u00e4 asian. Suomessa tietosuojavaltuutetun toimisto on valvova viranomainen. Voit tietysti my\u00f6s ottaa suoraan yhteytt\u00e4 t\u00e4h\u00e4n viranomaiseen.<\/p><p><strong>Ev\u00e4steet<\/strong><\/p><p>Verkkosivustomme k\u00e4ytt\u00e4\u00e4 ev\u00e4steit\u00e4. Ev\u00e4steet ovat pieni\u00e4 tiedostoja, jotka tallentuvat koneellesi kun vierailet verkkosivuilla. Ev\u00e4steet tunnistavat tietokoneesi, tablettisi tai mobiililaitteesi kun saavut verkkosivuille, ja t\u00e4ll\u00e4 tavalla ev\u00e4steet parantavat verkkosivujen k\u00e4ytt\u00f6kokemusta.<\/p><p>Lextera Law k\u00e4ytt\u00e4\u00e4 j\u00e4rjestelm\u00e4\u00e4, joka hy\u00f6dynt\u00e4\u00e4 ev\u00e4steit\u00e4. J\u00e4rjestelm\u00e4n avulla n\u00e4emme esimerkiksi kuinka moni vierailee kotisivuillamme ja miten. T\u00e4ll\u00e4 tiedolla voimme vuorostamme kehitt\u00e4\u00e4 ja tehostaa kotisivujamme.<\/p><p>Jos et halua vastaanottaa ev\u00e4steit\u00e4, voit muuttaa selaimesi asetuksia niin, ett\u00e4 sinulle ilmoitetaan joka kerta kun ev\u00e4steit\u00e4 l\u00e4hetet\u00e4\u00e4n tietokoneellesi, tabletillesi tai mobiililaitteellesi. Vaihtoehtoisesti voit my\u00f6s est\u00e4\u00e4 ev\u00e4steet kokonaan.<\/p><p>\u00a0<\/p><p>Est\u00e4m\u00e4ll\u00e4 tai muulla tavoin rajoittamalla ev\u00e4steet saatat my\u00f6s est\u00e4\u00e4 joidenkin kotisivustomme toimintojen asianmukaisen toiminnan.<\/p><p><strong>Yhteystiedot<\/strong><\/p><p>T\u00e4h\u00e4n tietosuojaselosteeseen liittyv\u00e4t kysymykset voit l\u00e4hett\u00e4\u00e4 henkil\u00f6lle, joka mainitaan t\u00e4m\u00e4n asiakirjan alussa.<\/p><p>Valvontaviranomaisen yhteystiedot:<\/p><p>Tietosuojavaltuutetun toimisto<\/p><p>K\u00e4yntiosoite: Lintulahdenkuja 4, 00530 Helsinki<\/p><p>Postiosoite: PL 800, 00531 Helsinki<\/p><p>Puhelinvaihde: 029 566 6700<\/p><p>Kirjaamo: 029 566 6768<\/p><p>S\u00e4hk\u00f6posti: tietosuoja@om.fi<\/p>\t\t\t\t\t\t\t\t<\/div>\n\t\t\t\t<\/div>\n\t\t\t\t\t<\/div>\n\t\t<\/div>\n\t\t\t\t\t<\/div>\n\t\t<\/section>\n\t\t\t\t<\/div>\n\t\t","protected":false},"excerpt":{"rendered":"<p>Tietosuojaseloste T\u00e4m\u00e4 on Lextera Law Ab Oy:n tietosuojaseloste. T\u00e4m\u00e4 asiakirja on laadittu 2.9.2019 ja viimeisin p\u00e4ivitys siihen on tehty 2.7.2020. Tietosuojaseloste koskee sit\u00e4, miten Lextera Law ker\u00e4\u00e4, s\u00e4ilytt\u00e4\u00e4, k\u00e4sittelee ja suojaa henkil\u00f6tietoja. Henkil\u00f6tietovastaavaLextera Law Ab OyRantalinna, Rantakatu 10065100 VaasaY-tunnus: 3013007-6 Yhteyshenkil\u00f6: Varatuomari, ekonomi Anne Lindgren-SlottePuhelinnumero: 050\u00a0344 7758S\u00e4hk\u00f6posti: info@lextera.fi Henkil\u00f6tietojen k\u00e4ytt\u00f6tarkoitus ja peruste Lextera Law k\u00e4sittelee [&hellip;]<\/p>\n","protected":false},"author":2,"featured_media":0,"parent":0,"menu_order":0,"comment_status":"closed","ping_status":"closed","template":"","meta":{"site-sidebar-layout":"no-sidebar","site-content-layout":"page-builder","ast-site-content-layout":"full-width-container","site-content-style":"unboxed","site-sidebar-style":"unboxed","ast-global-header-display":"","ast-banner-title-visibility":"","ast-main-header-display":"disabled","ast-hfb-above-header-display":"","ast-hfb-below-header-display":"","ast-hfb-mobile-header-display":"","site-post-title":"disabled","ast-breadcrumbs-content":"","ast-featured-img":"disabled","footer-sml-layout":"disabled","ast-disable-related-posts":"","theme-transparent-header-meta":"disabled","adv-header-id-meta":"","stick-header-meta":"","header-above-stick-meta":"","header-main-stick-meta":"","header-below-stick-meta":"","astra-migrate-meta-layouts":"set","ast-page-background-enabled":"default","ast-page-background-meta":{"desktop":{"background-color":"","background-image":"","background-repeat":"repeat","background-position":"center center","background-size":"auto","background-attachment":"scroll","background-type":"","background-media":"","overlay-type":"","overlay-color":"","overlay-opacity":"","overlay-gradient":""},"tablet":{"background-color":"","background-image":"","background-repeat":"repeat","background-position":"center center","background-size":"auto","background-attachment":"scroll","background-type":"","background-media":"","overlay-type":"","overlay-color":"","overlay-opacity":"","overlay-gradient":""},"mobile":{"background-color":"","background-image":"","background-repeat":"repeat","background-position":"center center","background-size":"auto","background-attachment":"scroll","background-type":"","background-media":"","overlay-type":"","overlay-color":"","overlay-opacity":"","overlay-gradient":""}},"ast-content-background-meta":{"desktop":{"background-color":"var(--ast-global-color-5)","background-image":"","background-repeat":"repeat","background-position":"center center","background-size":"auto","background-attachment":"scroll","background-type":"","background-media":"","overlay-type":"","overlay-color":"","overlay-opacity":"","overlay-gradient":""},"tablet":{"background-color":"var(--ast-global-color-5)","background-image":"","background-repeat":"repeat","background-position":"center center","background-size":"auto","background-attachment":"scroll","background-type":"","background-media":"","overlay-type":"","overlay-color":"","overlay-opacity":"","overlay-gradient":""},"mobile":{"background-color":"var(--ast-global-color-5)","background-image":"","background-repeat":"repeat","background-position":"center center","background-size":"auto","background-attachment":"scroll","background-type":"","background-media":"","overlay-type":"","overlay-color":"","overlay-opacity":"","overlay-gradient":""}},"footnotes":""},"class_list":["post-815","page","type-page","status-publish","hentry"],"aioseo_notices":[],"_links":{"self":[{"href":"https:\/\/www.lextera.fi\/fi\/wp-json\/wp\/v2\/pages\/815","targetHints":{"allow":["GET"]}}],"collection":[{"href":"https:\/\/www.lextera.fi\/fi\/wp-json\/wp\/v2\/pages"}],"about":[{"href":"https:\/\/www.lextera.fi\/fi\/wp-json\/wp\/v2\/types\/page"}],"author":[{"embeddable":true,"href":"https:\/\/www.lextera.fi\/fi\/wp-json\/wp\/v2\/users\/2"}],"replies":[{"embeddable":true,"href":"https:\/\/www.lextera.fi\/fi\/wp-json\/wp\/v2\/comments?post=815"}],"version-history":[{"count":5,"href":"https:\/\/www.lextera.fi\/fi\/wp-json\/wp\/v2\/pages\/815\/revisions"}],"predecessor-version":[{"id":1419,"href":"https:\/\/www.lextera.fi\/fi\/wp-json\/wp\/v2\/pages\/815\/revisions\/1419"}],"wp:attachment":[{"href":"https:\/\/www.lextera.fi\/fi\/wp-json\/wp\/v2\/media?parent=815"}],"curies":[{"name":"wp","href":"https:\/\/api.w.org\/{rel}","templated":true}]}}