{"id":837,"date":"2020-07-29T07:10:11","date_gmt":"2020-07-29T07:10:11","guid":{"rendered":"https:\/\/www.lextera.fi\/turvallisia-tapaamisia\/"},"modified":"2024-02-01T14:48:19","modified_gmt":"2024-02-01T14:48:19","slug":"turvallisia-tapaamisia","status":"publish","type":"page","link":"https:\/\/www.lextera.fi\/fi\/turvallisia-tapaamisia\/","title":{"rendered":"Turvallisia tapaamisia"},"content":{"rendered":"\t\t<div data-elementor-type=\"wp-page\" data-elementor-id=\"837\" class=\"elementor elementor-837 elementor-828\" data-elementor-post-type=\"page\">\n\t\t\t\t\t\t<section class=\"elementor-section elementor-top-section elementor-element elementor-element-112d4e11 elementor-section-height-min-height elementor-section-boxed elementor-section-height-default elementor-section-items-middle\" data-id=\"112d4e11\" data-element_type=\"section\" data-e-type=\"section\" data-settings=\"{&quot;background_background&quot;:&quot;classic&quot;}\">\n\t\t\t\t\t\t<div class=\"elementor-container elementor-column-gap-default\">\n\t\t\t\t\t<div class=\"elementor-column elementor-col-100 elementor-top-column elementor-element elementor-element-38e2f81b\" data-id=\"38e2f81b\" data-element_type=\"column\" data-e-type=\"column\">\n\t\t\t<div class=\"elementor-widget-wrap elementor-element-populated\">\n\t\t\t\t\t\t<div class=\"elementor-element elementor-element-42ddb787 elementor-widget elementor-widget-heading\" data-id=\"42ddb787\" data-element_type=\"widget\" data-e-type=\"widget\" data-widget_type=\"heading.default\">\n\t\t\t\t<div class=\"elementor-widget-container\">\n\t\t\t\t\t<h1 class=\"elementor-heading-title elementor-size-default\">Turvallisia tapaamisia<\/h1>\t\t\t\t<\/div>\n\t\t\t\t<\/div>\n\t\t\t\t<div class=\"elementor-element elementor-element-3a05c87d elementor-widget elementor-widget-text-editor\" data-id=\"3a05c87d\" data-element_type=\"widget\" data-e-type=\"widget\" data-widget_type=\"text-editor.default\">\n\t\t\t\t<div class=\"elementor-widget-container\">\n\t\t\t\t\t\t\t\t\t<p>Ilmassa leijuu huolestuneisuutta. Juridiset ongelmat voivat aiheuttaa huolia. Koronatilanne on toinen tekij\u00e4, joka tuottaa huolia. Lakiasiaintoimisto Lextera haluaa kaikin tavoin saada sinut asiakkaanamme tuntemaan olosi turvalliseksi sek\u00e4 juridisesti ett\u00e4 tartuntatilanteeseen n\u00e4hden. Suojataksemme asiakkaitamme Lextera on asentanut pleksilasit kokousp\u00f6ytiimme sek\u00e4 Vaasassa ett\u00e4 Pietarsaaressa. Pleksilasit parantavat turvallisuutta ja hygieniaa toimistoillamme ja suojaavat l\u00e4hikontaktilta. My\u00f6s k\u00e4sihuuhdetta l\u00f6ytyy kokoustilojemme yhteydest\u00e4.<\/p>\n\t\t\t\t\t\t\t\t<\/div>\n\t\t\t\t<\/div>\n\t\t\t\t\t<\/div>\n\t\t<\/div>\n\t\t\t\t\t<\/div>\n\t\t<\/section>\n\t\t\t\t<section class=\"elementor-section elementor-top-section elementor-element elementor-element-1b27ade elementor-section-height-min-height elementor-section-boxed elementor-section-height-default elementor-section-items-middle\" data-id=\"1b27ade\" data-element_type=\"section\" data-e-type=\"section\" data-settings=\"{&quot;background_background&quot;:&quot;classic&quot;}\">\n\t\t\t\t\t\t\t<div class=\"elementor-background-overlay\"><\/div>\n\t\t\t\t\t\t\t<div class=\"elementor-container elementor-column-gap-default\">\n\t\t\t\t\t<div class=\"elementor-column elementor-col-100 elementor-top-column elementor-element elementor-element-62bc60a8\" data-id=\"62bc60a8\" data-element_type=\"column\" data-e-type=\"column\">\n\t\t\t<div class=\"elementor-widget-wrap elementor-element-populated\">\n\t\t\t\t\t\t<div class=\"elementor-element elementor-element-7b964272 elementor-widget elementor-widget-heading\" data-id=\"7b964272\" data-element_type=\"widget\" data-e-type=\"widget\" data-widget_type=\"heading.default\">\n\t\t\t\t<div class=\"elementor-widget-container\">\n\t\t\t\t\t<h2 class=\"elementor-heading-title elementor-size-default\">Useampi asiakas on jo sanonut, ett\u00e4 pleksilasi saa heid\u00e4t tuntemaan olonsa turvallisemmaksi kokouksessa, ja ett\u00e4 rajaus muistuttaa et\u00e4isyyden pidon t\u00e4rkeydest\u00e4. Pid\u00e4 huolta itsest\u00e4si. Ajattelemme sinua niin juridisesti kuin turvallisuuden n\u00e4k\u00f6kannalta.<\/h2>\t\t\t\t<\/div>\n\t\t\t\t<\/div>\n\t\t\t\t\t<\/div>\n\t\t<\/div>\n\t\t\t\t\t<\/div>\n\t\t<\/section>\n\t\t\t\t<\/div>\n\t\t","protected":false},"excerpt":{"rendered":"<p>Turvallisia tapaamisia Ilmassa leijuu huolestuneisuutta. Juridiset ongelmat voivat aiheuttaa huolia. Koronatilanne on toinen tekij\u00e4, joka tuottaa huolia. Lakiasiaintoimisto Lextera haluaa kaikin tavoin saada sinut asiakkaanamme tuntemaan olosi turvalliseksi sek\u00e4 juridisesti ett\u00e4 tartuntatilanteeseen n\u00e4hden. Suojataksemme asiakkaitamme Lextera on asentanut pleksilasit kokousp\u00f6ytiimme sek\u00e4 Vaasassa ett\u00e4 Pietarsaaressa. Pleksilasit parantavat turvallisuutta ja hygieniaa toimistoillamme ja suojaavat l\u00e4hikontaktilta. My\u00f6s k\u00e4sihuuhdetta [&hellip;]<\/p>\n","protected":false},"author":2,"featured_media":0,"parent":0,"menu_order":0,"comment_status":"closed","ping_status":"closed","template":"","meta":{"site-sidebar-layout":"no-sidebar","site-content-layout":"page-builder","ast-site-content-layout":"full-width-container","site-content-style":"unboxed","site-sidebar-style":"unboxed","ast-global-header-display":"","ast-banner-title-visibility":"","ast-main-header-display":"disabled","ast-hfb-above-header-display":"","ast-hfb-below-header-display":"","ast-hfb-mobile-header-display":"","site-post-title":"disabled","ast-breadcrumbs-content":"","ast-featured-img":"disabled","footer-sml-layout":"disabled","ast-disable-related-posts":"","theme-transparent-header-meta":"disabled","adv-header-id-meta":"","stick-header-meta":"","header-above-stick-meta":"","header-main-stick-meta":"","header-below-stick-meta":"","astra-migrate-meta-layouts":"set","ast-page-background-enabled":"default","ast-page-background-meta":{"desktop":{"background-color":"","background-image":"","background-repeat":"repeat","background-position":"center center","background-size":"auto","background-attachment":"scroll","background-type":"","background-media":"","overlay-type":"","overlay-color":"","overlay-opacity":"","overlay-gradient":""},"tablet":{"background-color":"","background-image":"","background-repeat":"repeat","background-position":"center center","background-size":"auto","background-attachment":"scroll","background-type":"","background-media":"","overlay-type":"","overlay-color":"","overlay-opacity":"","overlay-gradient":""},"mobile":{"background-color":"","background-image":"","background-repeat":"repeat","background-position":"center center","background-size":"auto","background-attachment":"scroll","background-type":"","background-media":"","overlay-type":"","overlay-color":"","overlay-opacity":"","overlay-gradient":""}},"ast-content-background-meta":{"desktop":{"background-color":"var(--ast-global-color-5)","background-image":"","background-repeat":"repeat","background-position":"center center","background-size":"auto","background-attachment":"scroll","background-type":"","background-media":"","overlay-type":"","overlay-color":"","overlay-opacity":"","overlay-gradient":""},"tablet":{"background-color":"var(--ast-global-color-5)","background-image":"","background-repeat":"repeat","background-position":"center center","background-size":"auto","background-attachment":"scroll","background-type":"","background-media":"","overlay-type":"","overlay-color":"","overlay-opacity":"","overlay-gradient":""},"mobile":{"background-color":"var(--ast-global-color-5)","background-image":"","background-repeat":"repeat","background-position":"center center","background-size":"auto","background-attachment":"scroll","background-type":"","background-media":"","overlay-type":"","overlay-color":"","overlay-opacity":"","overlay-gradient":""}},"footnotes":""},"class_list":["post-837","page","type-page","status-publish","hentry"],"aioseo_notices":[],"_links":{"self":[{"href":"https:\/\/www.lextera.fi\/fi\/wp-json\/wp\/v2\/pages\/837","targetHints":{"allow":["GET"]}}],"collection":[{"href":"https:\/\/www.lextera.fi\/fi\/wp-json\/wp\/v2\/pages"}],"about":[{"href":"https:\/\/www.lextera.fi\/fi\/wp-json\/wp\/v2\/types\/page"}],"author":[{"embeddable":true,"href":"https:\/\/www.lextera.fi\/fi\/wp-json\/wp\/v2\/users\/2"}],"replies":[{"embeddable":true,"href":"https:\/\/www.lextera.fi\/fi\/wp-json\/wp\/v2\/comments?post=837"}],"version-history":[{"count":3,"href":"https:\/\/www.lextera.fi\/fi\/wp-json\/wp\/v2\/pages\/837\/revisions"}],"predecessor-version":[{"id":1333,"href":"https:\/\/www.lextera.fi\/fi\/wp-json\/wp\/v2\/pages\/837\/revisions\/1333"}],"wp:attachment":[{"href":"https:\/\/www.lextera.fi\/fi\/wp-json\/wp\/v2\/media?parent=837"}],"curies":[{"name":"wp","href":"https:\/\/api.w.org\/{rel}","templated":true}]}}