{"id":956,"date":"2020-08-12T13:03:02","date_gmt":"2020-08-12T13:03:02","guid":{"rendered":"https:\/\/www.lextera.fi\/uutiset\/"},"modified":"2024-02-01T15:57:52","modified_gmt":"2024-02-01T15:57:52","slug":"uutiset","status":"publish","type":"page","link":"https:\/\/www.lextera.fi\/fi\/uutiset\/","title":{"rendered":"Uutisarkisto"},"content":{"rendered":"\t\t<div data-elementor-type=\"wp-page\" data-elementor-id=\"956\" class=\"elementor elementor-956 elementor-465\" data-elementor-post-type=\"page\">\n\t\t\t\t\t\t<section class=\"elementor-section elementor-top-section elementor-element elementor-element-f5c4f24 elementor-section-boxed elementor-section-height-default elementor-section-height-default\" data-id=\"f5c4f24\" data-element_type=\"section\" data-e-type=\"section\">\n\t\t\t\t\t\t<div class=\"elementor-container elementor-column-gap-wider\">\n\t\t\t\t\t<div class=\"elementor-column elementor-col-100 elementor-top-column elementor-element elementor-element-836bad9\" data-id=\"836bad9\" data-element_type=\"column\" data-e-type=\"column\">\n\t\t\t<div class=\"elementor-widget-wrap elementor-element-populated\">\n\t\t\t\t\t\t<div class=\"elementor-element elementor-element-cafd4ed elementor-widget elementor-widget-heading\" data-id=\"cafd4ed\" data-element_type=\"widget\" data-e-type=\"widget\" data-widget_type=\"heading.default\">\n\t\t\t\t<div class=\"elementor-widget-container\">\n\t\t\t\t\t<h2 class=\"elementor-heading-title elementor-size-default\">Uutiset<\/h2>\t\t\t\t<\/div>\n\t\t\t\t<\/div>\n\t\t\t\t\t<\/div>\n\t\t<\/div>\n\t\t\t\t\t<\/div>\n\t\t<\/section>\n\t\t\t\t<section class=\"elementor-section elementor-top-section elementor-element elementor-element-50d0b3b elementor-section-boxed elementor-section-height-default elementor-section-height-default\" data-id=\"50d0b3b\" data-element_type=\"section\" data-e-type=\"section\">\n\t\t\t\t\t\t<div class=\"elementor-container elementor-column-gap-default\">\n\t\t\t\t\t<div class=\"elementor-column elementor-col-100 elementor-top-column elementor-element elementor-element-483b2da\" data-id=\"483b2da\" data-element_type=\"column\" data-e-type=\"column\">\n\t\t\t<div class=\"elementor-widget-wrap elementor-element-populated\">\n\t\t\t\t\t\t<div class=\"elementor-element elementor-element-e3a30ff elementor-grid-3 elementor-grid-tablet-2 elementor-grid-mobile-1 elementor-posts--thumbnail-top elementor-widget elementor-widget-posts\" data-id=\"e3a30ff\" data-element_type=\"widget\" data-e-type=\"widget\" data-settings=\"{&quot;classic_columns&quot;:&quot;3&quot;,&quot;classic_columns_tablet&quot;:&quot;2&quot;,&quot;classic_columns_mobile&quot;:&quot;1&quot;,&quot;classic_row_gap&quot;:{&quot;unit&quot;:&quot;px&quot;,&quot;size&quot;:35,&quot;sizes&quot;:[]},&quot;classic_row_gap_tablet&quot;:{&quot;unit&quot;:&quot;px&quot;,&quot;size&quot;:&quot;&quot;,&quot;sizes&quot;:[]},&quot;classic_row_gap_mobile&quot;:{&quot;unit&quot;:&quot;px&quot;,&quot;size&quot;:&quot;&quot;,&quot;sizes&quot;:[]}}\" data-widget_type=\"posts.classic\">\n\t\t\t\t<div class=\"elementor-widget-container\">\n\t\t\t\t\t\t\t<div class=\"elementor-posts-container elementor-posts elementor-posts--skin-classic elementor-grid\">\n\t\t\t\t<article class=\"elementor-post elementor-grid-item post-876 post type-post status-publish format-standard has-post-thumbnail hentry category-uncategorized-fi tag-pop-up tag-pop-up-fi\">\n\t\t\t\t<a class=\"elementor-post__thumbnail__link\" href=\"https:\/\/www.lextera.fi\/fi\/lextera-pop-up-uudessakarlepyyssa\/\" tabindex=\"-1\" >\n\t\t\t<div class=\"elementor-post__thumbnail\"><img fetchpriority=\"high\" decoding=\"async\" width=\"300\" height=\"300\" src=\"https:\/\/www.lextera.fi\/wp-content\/uploads\/2020\/07\/Lextera-logo_RGB-05-300x300.png\" class=\"attachment-medium size-medium wp-image-918\" alt=\"Lextera logo.\" srcset=\"https:\/\/www.lextera.fi\/wp-content\/uploads\/2020\/07\/Lextera-logo_RGB-05-300x300.png 300w, https:\/\/www.lextera.fi\/wp-content\/uploads\/2020\/07\/Lextera-logo_RGB-05-150x150.png 150w, https:\/\/www.lextera.fi\/wp-content\/uploads\/2020\/07\/Lextera-logo_RGB-05.png 473w\" sizes=\"(max-width: 300px) 100vw, 300px\" \/><\/div>\n\t\t<\/a>\n\t\t\t\t<div class=\"elementor-post__text\">\n\t\t\t\t<h3 class=\"elementor-post__title\">\n\t\t\t<a href=\"https:\/\/www.lextera.fi\/fi\/lextera-pop-up-uudessakarlepyyssa\/\" >\n\t\t\t\tLextera pop up Uudessakaarlepyyss\u00e4!\t\t\t<\/a>\n\t\t<\/h3>\n\t\t\t\t<div class=\"elementor-post__meta-data\">\n\t\t\t\t\t<span class=\"elementor-post-date\">\n\t\t\t31.7.2020\t\t<\/span>\n\t\t\t\t<span class=\"elementor-post-avatar\">\n\t\t\tEi kommentteja\t\t<\/span>\n\t\t\t\t<\/div>\n\t\t\t\t<div class=\"elementor-post__excerpt\">\n\t\t\t<p>Lextera Law tulee Uuteenkaarlepyyhyn! Merkitse alla olevat p\u00e4iv\u00e4m\u00e4\u00e4r\u00e4t kalenteriin ja tule juttelemaan osoitteessa Pankkikatu 10 (Nykarleby Innovation Center-nimisen yhdistyksen tiloissa). HUOM! Etuk\u00e4teisilmoitus! 15.9 klo 10-16<\/p>\n\t\t<\/div>\n\t\t\n\t\t<a class=\"elementor-post__read-more\" href=\"https:\/\/www.lextera.fi\/fi\/lextera-pop-up-uudessakarlepyyssa\/\" aria-label=\"Read more about Lextera pop up Uudessakaarlepyyss\u00e4!\" tabindex=\"-1\" >\n\t\t\tLue lis\u00e4\u00e4\t\t<\/a>\n\n\t\t\t\t<\/div>\n\t\t\t\t<\/article>\n\t\t\t\t<article class=\"elementor-post elementor-grid-item post-862 post type-post status-publish format-standard has-post-thumbnail hentry category-uncategorized-fi tag-pop-up tag-pop-up-fi\">\n\t\t\t\t<a class=\"elementor-post__thumbnail__link\" href=\"https:\/\/www.lextera.fi\/fi\/lextera-pop-up-voyrilla\/\" tabindex=\"-1\" >\n\t\t\t<div class=\"elementor-post__thumbnail\"><img decoding=\"async\" width=\"300\" height=\"300\" src=\"https:\/\/www.lextera.fi\/wp-content\/uploads\/2020\/03\/profilbild-lextera-logo_Rityta-1-300x300.jpg\" class=\"attachment-medium size-medium wp-image-915\" alt=\"Lextera.\" srcset=\"https:\/\/www.lextera.fi\/wp-content\/uploads\/2020\/03\/profilbild-lextera-logo_Rityta-1-300x300.jpg 300w, https:\/\/www.lextera.fi\/wp-content\/uploads\/2020\/03\/profilbild-lextera-logo_Rityta-1-1024x1024.jpg 1024w, https:\/\/www.lextera.fi\/wp-content\/uploads\/2020\/03\/profilbild-lextera-logo_Rityta-1-150x150.jpg 150w, https:\/\/www.lextera.fi\/wp-content\/uploads\/2020\/03\/profilbild-lextera-logo_Rityta-1-768x768.jpg 768w, https:\/\/www.lextera.fi\/wp-content\/uploads\/2020\/03\/profilbild-lextera-logo_Rityta-1-1536x1536.jpg 1536w, https:\/\/www.lextera.fi\/wp-content\/uploads\/2020\/03\/profilbild-lextera-logo_Rityta-1-2048x2048.jpg 2048w\" sizes=\"(max-width: 300px) 100vw, 300px\" \/><\/div>\n\t\t<\/a>\n\t\t\t\t<div class=\"elementor-post__text\">\n\t\t\t\t<h3 class=\"elementor-post__title\">\n\t\t\t<a href=\"https:\/\/www.lextera.fi\/fi\/lextera-pop-up-voyrilla\/\" >\n\t\t\t\tLextera pop up V\u00f6yrill\u00e4!\t\t\t<\/a>\n\t\t<\/h3>\n\t\t\t\t<div class=\"elementor-post__meta-data\">\n\t\t\t\t\t<span class=\"elementor-post-date\">\n\t\t\t31.7.2020\t\t<\/span>\n\t\t\t\t<span class=\"elementor-post-avatar\">\n\t\t\tEi kommentteja\t\t<\/span>\n\t\t\t\t<\/div>\n\t\t\t\t<div class=\"elementor-post__excerpt\">\n\t\t\t<p>Lextera Law tulee V\u00f6yrille! Merkitse alla olevat p\u00e4iv\u00e4m\u00e4\u00e4r\u00e4t kalenteriin ja tule juttelemaan osoitteessa Rejpeltv\u00e4gen 2 (YourCoach-nimisen yrityksen tiloissa). HUOM! Etuk\u00e4teisilmoitus!&#13; &#13; 25.9. klo 10-16 22.10.<\/p>\n\t\t<\/div>\n\t\t\n\t\t<a class=\"elementor-post__read-more\" href=\"https:\/\/www.lextera.fi\/fi\/lextera-pop-up-voyrilla\/\" aria-label=\"Read more about Lextera pop up V\u00f6yrill\u00e4!\" tabindex=\"-1\" >\n\t\t\tLue lis\u00e4\u00e4\t\t<\/a>\n\n\t\t\t\t<\/div>\n\t\t\t\t<\/article>\n\t\t\t\t<\/div>\n\t\t\n\t\t\t\t\t\t<\/div>\n\t\t\t\t<\/div>\n\t\t\t\t\t<\/div>\n\t\t<\/div>\n\t\t\t\t\t<\/div>\n\t\t<\/section>\n\t\t\t\t<\/div>\n\t\t","protected":false},"excerpt":{"rendered":"<p>Uutiset<\/p>\n","protected":false},"author":2,"featured_media":0,"parent":0,"menu_order":0,"comment_status":"closed","ping_status":"closed","template":"","meta":{"site-sidebar-layout":"no-sidebar","site-content-layout":"page-builder","ast-site-content-layout":"full-width-container","site-content-style":"unboxed","site-sidebar-style":"unboxed","ast-global-header-display":"","ast-banner-title-visibility":"","ast-main-header-display":"disabled","ast-hfb-above-header-display":"","ast-hfb-below-header-display":"","ast-hfb-mobile-header-display":"","site-post-title":"disabled","ast-breadcrumbs-content":"","ast-featured-img":"disabled","footer-sml-layout":"disabled","ast-disable-related-posts":"","theme-transparent-header-meta":"disabled","adv-header-id-meta":"","stick-header-meta":"","header-above-stick-meta":"","header-main-stick-meta":"","header-below-stick-meta":"","astra-migrate-meta-layouts":"set","ast-page-background-enabled":"default","ast-page-background-meta":{"desktop":{"background-color":"","background-image":"","background-repeat":"repeat","background-position":"center center","background-size":"auto","background-attachment":"scroll","background-type":"","background-media":"","overlay-type":"","overlay-color":"","overlay-opacity":"","overlay-gradient":""},"tablet":{"background-color":"","background-image":"","background-repeat":"repeat","background-position":"center center","background-size":"auto","background-attachment":"scroll","background-type":"","background-media":"","overlay-type":"","overlay-color":"","overlay-opacity":"","overlay-gradient":""},"mobile":{"background-color":"","background-image":"","background-repeat":"repeat","background-position":"center center","background-size":"auto","background-attachment":"scroll","background-type":"","background-media":"","overlay-type":"","overlay-color":"","overlay-opacity":"","overlay-gradient":""}},"ast-content-background-meta":{"desktop":{"background-color":"var(--ast-global-color-5)","background-image":"","background-repeat":"repeat","background-position":"center center","background-size":"auto","background-attachment":"scroll","background-type":"","background-media":"","overlay-type":"","overlay-color":"","overlay-opacity":"","overlay-gradient":""},"tablet":{"background-color":"var(--ast-global-color-5)","background-image":"","background-repeat":"repeat","background-position":"center center","background-size":"auto","background-attachment":"scroll","background-type":"","background-media":"","overlay-type":"","overlay-color":"","overlay-opacity":"","overlay-gradient":""},"mobile":{"background-color":"var(--ast-global-color-5)","background-image":"","background-repeat":"repeat","background-position":"center center","background-size":"auto","background-attachment":"scroll","background-type":"","background-media":"","overlay-type":"","overlay-color":"","overlay-opacity":"","overlay-gradient":""}},"footnotes":""},"class_list":["post-956","page","type-page","status-publish","hentry"],"aioseo_notices":[],"_links":{"self":[{"href":"https:\/\/www.lextera.fi\/fi\/wp-json\/wp\/v2\/pages\/956","targetHints":{"allow":["GET"]}}],"collection":[{"href":"https:\/\/www.lextera.fi\/fi\/wp-json\/wp\/v2\/pages"}],"about":[{"href":"https:\/\/www.lextera.fi\/fi\/wp-json\/wp\/v2\/types\/page"}],"author":[{"embeddable":true,"href":"https:\/\/www.lextera.fi\/fi\/wp-json\/wp\/v2\/users\/2"}],"replies":[{"embeddable":true,"href":"https:\/\/www.lextera.fi\/fi\/wp-json\/wp\/v2\/comments?post=956"}],"version-history":[{"count":4,"href":"https:\/\/www.lextera.fi\/fi\/wp-json\/wp\/v2\/pages\/956\/revisions"}],"predecessor-version":[{"id":1370,"href":"https:\/\/www.lextera.fi\/fi\/wp-json\/wp\/v2\/pages\/956\/revisions\/1370"}],"wp:attachment":[{"href":"https:\/\/www.lextera.fi\/fi\/wp-json\/wp\/v2\/media?parent=956"}],"curies":[{"name":"wp","href":"https:\/\/api.w.org\/{rel}","templated":true}]}}